{"id":892,"date":"2024-01-15T18:55:00","date_gmt":"2024-01-15T15:55:00","guid":{"rendered":"https:\/\/altabaldai.lt\/?post_type=product&#038;p=892"},"modified":"2025-12-15T12:19:43","modified_gmt":"2025-12-15T09:19:43","slug":"lova-venezia-200x200","status":"publish","type":"product","link":"https:\/\/altabaldai.lt\/pl\/product\/lova-venezia-200x200\/","title":{"rendered":"\u0141\u00f3\u017cko VENEZIA 200&#215;200"},"content":{"rendered":"","protected":false},"excerpt":{"rendered":"<p>Cena \u0142\u00f3\u017cka obejmuje pod\u0142og\u0119 (podstaw\u0119 materaca)<\/p>\n<p>Koszt koloru \u201cClassic black\u201d: +20% do ceny produktu<\/p>","protected":false},"featured_media":4032,"comment_status":"open","ping_status":"closed","template":"","meta":[],"product_cat":[261,39],"product_tag":[],"_links":{"self":[{"href":"https:\/\/altabaldai.lt\/pl\/wp-json\/wp\/v2\/product\/892"}],"collection":[{"href":"https:\/\/altabaldai.lt\/pl\/wp-json\/wp\/v2\/product"}],"about":[{"href":"https:\/\/altabaldai.lt\/pl\/wp-json\/wp\/v2\/types\/product"}],"replies":[{"embeddable":true,"href":"https:\/\/altabaldai.lt\/pl\/wp-json\/wp\/v2\/comments?post=892"}],"wp:featuredmedia":[{"embeddable":true,"href":"https:\/\/altabaldai.lt\/pl\/wp-json\/wp\/v2\/media\/4032"}],"wp:attachment":[{"href":"https:\/\/altabaldai.lt\/pl\/wp-json\/wp\/v2\/media?parent=892"}],"wp:term":[{"taxonomy":"product_cat","embeddable":true,"href":"https:\/\/altabaldai.lt\/pl\/wp-json\/wp\/v2\/product_cat?post=892"},{"taxonomy":"product_tag","embeddable":true,"href":"https:\/\/altabaldai.lt\/pl\/wp-json\/wp\/v2\/product_tag?post=892"}],"curies":[{"name":"wp","href":"https:\/\/api.w.org\/{rel}","templated":true}]}}