{"id":4232,"date":"2026-03-13T16:16:49","date_gmt":"2026-03-13T13:16:49","guid":{"rendered":"https:\/\/altabaldai.lt\/?post_type=product&#038;p=4232"},"modified":"2026-03-16T22:19:38","modified_gmt":"2026-03-16T19:19:38","slug":"stalas-st305","status":"publish","type":"product","link":"https:\/\/altabaldai.lt\/pl\/product\/stalas-st305\/","title":{"rendered":"St\u00f3\u0142 ST305 sk\u0142adany"},"content":{"rendered":"","protected":false},"excerpt":{"rendered":"","protected":false},"featured_media":4292,"comment_status":"open","ping_status":"closed","template":"","meta":[],"product_cat":[253,17],"product_tag":[],"_links":{"self":[{"href":"https:\/\/altabaldai.lt\/pl\/wp-json\/wp\/v2\/product\/4232"}],"collection":[{"href":"https:\/\/altabaldai.lt\/pl\/wp-json\/wp\/v2\/product"}],"about":[{"href":"https:\/\/altabaldai.lt\/pl\/wp-json\/wp\/v2\/types\/product"}],"replies":[{"embeddable":true,"href":"https:\/\/altabaldai.lt\/pl\/wp-json\/wp\/v2\/comments?post=4232"}],"wp:featuredmedia":[{"embeddable":true,"href":"https:\/\/altabaldai.lt\/pl\/wp-json\/wp\/v2\/media\/4292"}],"wp:attachment":[{"href":"https:\/\/altabaldai.lt\/pl\/wp-json\/wp\/v2\/media?parent=4232"}],"wp:term":[{"taxonomy":"product_cat","embeddable":true,"href":"https:\/\/altabaldai.lt\/pl\/wp-json\/wp\/v2\/product_cat?post=4232"},{"taxonomy":"product_tag","embeddable":true,"href":"https:\/\/altabaldai.lt\/pl\/wp-json\/wp\/v2\/product_tag?post=4232"}],"curies":[{"name":"wp","href":"https:\/\/api.w.org\/{rel}","templated":true}]}}