{"id":4109,"date":"2026-01-11T20:27:51","date_gmt":"2026-01-11T17:27:51","guid":{"rendered":"https:\/\/altabaldai.lt\/?post_type=product&#038;p=4109"},"modified":"2026-04-08T12:41:56","modified_gmt":"2026-04-08T09:41:56","slug":"palermo","status":"publish","type":"product","link":"https:\/\/altabaldai.lt\/pl\/product\/palermo\/","title":{"rendered":"St\u00f3\u0142 transformatorowy PALERMO"},"content":{"rendered":"","protected":false},"excerpt":{"rendered":"<p><strong>Sto\u0142y PALERMO<\/strong><\/br><\/br><\/p>\n<p>Jeden z najlepszych modeli w\u015br\u00f3d nowoczesnych stolik\u00f3w do salonu dost\u0119pnych na rynku. Dzi\u0119ki dw\u00f3m wk\u0142adom i wysokiej jako\u015bci prowadnicom synchronicznym mo\u017cna go z \u0142atwo\u015bci\u0105 przekszta\u0142ci\u0107 w stolik pe\u0142nowymiarowy o szeroko\u015bci 160 lub 200 centymetr\u00f3w. Podno\u015bnik pneumatyczny umo\u017cliwia regulacj\u0119 wysoko\u015bci w dowolnym kierunku. Solidna konstrukcja n\u00f3g gwarantuje 100% stabilno\u015bci, nawet po pe\u0142nym roz\u0142o\u017ceniu i podniesieniu.<\/br><\/br><\/p>\n<p>St\u00f3\u0142 do salonu wykonany jest z wysokiej jako\u015bci matowej p\u0142yty wi\u00f3rowej, laminowanej obustronnie, o grubo\u015bci 18 i 28 mm, wyko\u0144czonej obrze\u017cem ABS o grubo\u015bci 1 mm. Blat dodatkowo pogrubiony do 36 mm.<\/br><\/br><\/p>\n<p>P\u0142yt\u0119 rozszerzaj\u0105c\u0105 przechowuje si\u0119 w specjalnej szufladzie pod blatem sto\u0142u, dzi\u0119ki czemu jest \u0142atwo dost\u0119pna i nie trzeba szuka\u0107 dodatkowego miejsca do przechowywania.<\/p>","protected":false},"featured_media":4279,"comment_status":"open","ping_status":"closed","template":"","meta":[],"product_cat":[17,253],"product_tag":[],"_links":{"self":[{"href":"https:\/\/altabaldai.lt\/pl\/wp-json\/wp\/v2\/product\/4109"}],"collection":[{"href":"https:\/\/altabaldai.lt\/pl\/wp-json\/wp\/v2\/product"}],"about":[{"href":"https:\/\/altabaldai.lt\/pl\/wp-json\/wp\/v2\/types\/product"}],"replies":[{"embeddable":true,"href":"https:\/\/altabaldai.lt\/pl\/wp-json\/wp\/v2\/comments?post=4109"}],"wp:featuredmedia":[{"embeddable":true,"href":"https:\/\/altabaldai.lt\/pl\/wp-json\/wp\/v2\/media\/4279"}],"wp:attachment":[{"href":"https:\/\/altabaldai.lt\/pl\/wp-json\/wp\/v2\/media?parent=4109"}],"wp:term":[{"taxonomy":"product_cat","embeddable":true,"href":"https:\/\/altabaldai.lt\/pl\/wp-json\/wp\/v2\/product_cat?post=4109"},{"taxonomy":"product_tag","embeddable":true,"href":"https:\/\/altabaldai.lt\/pl\/wp-json\/wp\/v2\/product_tag?post=4109"}],"curies":[{"name":"wp","href":"https:\/\/api.w.org\/{rel}","templated":true}]}}