{"id":4092,"date":"2026-01-11T20:04:02","date_gmt":"2026-01-11T17:04:02","guid":{"rendered":"https:\/\/altabaldai.lt\/?post_type=product&#038;p=4092"},"modified":"2026-04-08T12:42:34","modified_gmt":"2026-04-08T09:42:34","slug":"loreto","status":"publish","type":"product","link":"https:\/\/altabaldai.lt\/pl\/product\/loreto\/","title":{"rendered":"St\u00f3\u0142 transformatorowy LORETO"},"content":{"rendered":"","protected":false},"excerpt":{"rendered":"<p><strong>St\u00f3\u0142 LORETO<\/strong><\/br><\/br><\/p>\n<p>To idealny mebel dla os\u00f3b ceni\u0105cych nowoczesne rozwi\u0105zania. Dzi\u0119ki dw\u00f3m wk\u0142adom o szeroko\u015bci 30 cm, blat mo\u017cna rozszerzy\u0107 do 150 lub 180 cm. Idealnie sprawdzi si\u0119 wi\u0119c podczas wszelkich imprez rodzinnych czy spotka\u0144 z przyjaci\u00f3\u0142mi.<\/br><\/br><\/p>\n<p>St\u00f3\u0142 wykonany jest z wysokiej jako\u015bci matowej p\u0142yty wi\u00f3rowej o grubo\u015bci 18 mm, obustronnie laminowanej, z obrze\u017cem z tworzywa ABS o grubo\u015bci 1 mm. St\u00f3\u0142 i podstawa s\u0105 dodatkowo pogrubione do grubo\u015bci 36 mm.<\/br><\/br><\/p>\n<p>P\u0142yt\u0119 rozszerzaj\u0105c\u0105 przechowuje si\u0119 w specjalnej szufladzie pod blatem sto\u0142u, dzi\u0119ki czemu jest \u0142atwo dost\u0119pna i nie trzeba szuka\u0107 dodatkowego miejsca do przechowywania.<\/p>","protected":false},"featured_media":4295,"comment_status":"open","ping_status":"closed","template":"","meta":[],"product_cat":[17,253],"product_tag":[],"_links":{"self":[{"href":"https:\/\/altabaldai.lt\/pl\/wp-json\/wp\/v2\/product\/4092"}],"collection":[{"href":"https:\/\/altabaldai.lt\/pl\/wp-json\/wp\/v2\/product"}],"about":[{"href":"https:\/\/altabaldai.lt\/pl\/wp-json\/wp\/v2\/types\/product"}],"replies":[{"embeddable":true,"href":"https:\/\/altabaldai.lt\/pl\/wp-json\/wp\/v2\/comments?post=4092"}],"wp:featuredmedia":[{"embeddable":true,"href":"https:\/\/altabaldai.lt\/pl\/wp-json\/wp\/v2\/media\/4295"}],"wp:attachment":[{"href":"https:\/\/altabaldai.lt\/pl\/wp-json\/wp\/v2\/media?parent=4092"}],"wp:term":[{"taxonomy":"product_cat","embeddable":true,"href":"https:\/\/altabaldai.lt\/pl\/wp-json\/wp\/v2\/product_cat?post=4092"},{"taxonomy":"product_tag","embeddable":true,"href":"https:\/\/altabaldai.lt\/pl\/wp-json\/wp\/v2\/product_tag?post=4092"}],"curies":[{"name":"wp","href":"https:\/\/api.w.org\/{rel}","templated":true}]}}