{"id":3078,"date":"2024-11-06T12:46:00","date_gmt":"2024-11-06T09:46:00","guid":{"rendered":"https:\/\/altabaldai.lt\/?post_type=product&#038;p=3078"},"modified":"2025-11-30T22:00:39","modified_gmt":"2025-11-30T19:00:39","slug":"stalas-alba-r-isskleidziamas","status":"publish","type":"product","link":"https:\/\/altabaldai.lt\/pl\/product\/stalas-alba-r-isskleidziamas\/","title":{"rendered":"St\u00f3\u0142 ALBA R sk\u0142adany"},"content":{"rendered":"","protected":false},"excerpt":{"rendered":"","protected":false},"featured_media":2808,"comment_status":"open","ping_status":"closed","template":"","meta":[],"product_cat":[253,17],"product_tag":[],"_links":{"self":[{"href":"https:\/\/altabaldai.lt\/pl\/wp-json\/wp\/v2\/product\/3078"}],"collection":[{"href":"https:\/\/altabaldai.lt\/pl\/wp-json\/wp\/v2\/product"}],"about":[{"href":"https:\/\/altabaldai.lt\/pl\/wp-json\/wp\/v2\/types\/product"}],"replies":[{"embeddable":true,"href":"https:\/\/altabaldai.lt\/pl\/wp-json\/wp\/v2\/comments?post=3078"}],"wp:featuredmedia":[{"embeddable":true,"href":"https:\/\/altabaldai.lt\/pl\/wp-json\/wp\/v2\/media\/2808"}],"wp:attachment":[{"href":"https:\/\/altabaldai.lt\/pl\/wp-json\/wp\/v2\/media?parent=3078"}],"wp:term":[{"taxonomy":"product_cat","embeddable":true,"href":"https:\/\/altabaldai.lt\/pl\/wp-json\/wp\/v2\/product_cat?post=3078"},{"taxonomy":"product_tag","embeddable":true,"href":"https:\/\/altabaldai.lt\/pl\/wp-json\/wp\/v2\/product_tag?post=3078"}],"curies":[{"name":"wp","href":"https:\/\/api.w.org\/{rel}","templated":true}]}}