{"id":1957,"date":"2024-10-14T20:03:00","date_gmt":"2024-10-14T17:03:00","guid":{"rendered":"https:\/\/altabaldai.lt\/?post_type=product&#038;p=1957"},"modified":"2026-03-28T21:14:09","modified_gmt":"2026-03-28T18:14:09","slug":"pusbario-kede-vasto","status":"publish","type":"product","link":"https:\/\/altabaldai.lt\/pl\/product\/pusbario-kede-vasto\/","title":{"rendered":"Sto\u0142ek p\u00f3\u0142barowy VASTO"},"content":{"rendered":"","protected":false},"excerpt":{"rendered":"<p>Koszt koloru \u201cClassic black\u201d: +20% do ceny produktu<\/p>","protected":false},"featured_media":4350,"comment_status":"open","ping_status":"closed","template":"","meta":[],"product_cat":[16],"product_tag":[],"_links":{"self":[{"href":"https:\/\/altabaldai.lt\/pl\/wp-json\/wp\/v2\/product\/1957"}],"collection":[{"href":"https:\/\/altabaldai.lt\/pl\/wp-json\/wp\/v2\/product"}],"about":[{"href":"https:\/\/altabaldai.lt\/pl\/wp-json\/wp\/v2\/types\/product"}],"replies":[{"embeddable":true,"href":"https:\/\/altabaldai.lt\/pl\/wp-json\/wp\/v2\/comments?post=1957"}],"wp:featuredmedia":[{"embeddable":true,"href":"https:\/\/altabaldai.lt\/pl\/wp-json\/wp\/v2\/media\/4350"}],"wp:attachment":[{"href":"https:\/\/altabaldai.lt\/pl\/wp-json\/wp\/v2\/media?parent=1957"}],"wp:term":[{"taxonomy":"product_cat","embeddable":true,"href":"https:\/\/altabaldai.lt\/pl\/wp-json\/wp\/v2\/product_cat?post=1957"},{"taxonomy":"product_tag","embeddable":true,"href":"https:\/\/altabaldai.lt\/pl\/wp-json\/wp\/v2\/product_tag?post=1957"}],"curies":[{"name":"wp","href":"https:\/\/api.w.org\/{rel}","templated":true}]}}