{"id":12,"date":"2024-01-06T15:47:41","date_gmt":"2024-01-06T12:47:41","guid":{"rendered":"http:\/\/altabaldai.lt\/cart\/"},"modified":"2024-01-07T12:00:52","modified_gmt":"2024-01-07T09:00:52","slug":"cart","status":"publish","type":"page","link":"https:\/\/altabaldai.lt\/pl\/cart\/","title":{"rendered":"Koszyk"},"content":{"rendered":"<div data-block-name=\"woocommerce\/cart\" class=\"wp-block-woocommerce-cart alignwide is-loading\"><div data-block-name=\"woocommerce\/filled-cart-block\" class=\"wp-block-woocommerce-filled-cart-block\"><div data-block-name=\"woocommerce\/cart-items-block\" class=\"wp-block-woocommerce-cart-items-block\"><div data-block-name=\"woocommerce\/cart-line-items-block\" class=\"wp-block-woocommerce-cart-line-items-block\"><\/div>\n\n<div data-block-name=\"woocommerce\/cart-cross-sells-block\" class=\"wp-block-woocommerce-cart-cross-sells-block\">\n<h2 class=\"wp-block-heading has-large-font-size\">\u0412\u0430\u0441 \u043c\u043e\u0436\u0435\u0442 \u0437\u0430\u0438\u043d\u0442\u0435\u0440\u0435\u0441\u043e\u0432\u0430\u0442\u044c\u2026<\/h2>\n\n\n<div data-block-name=\"woocommerce\/cart-cross-sells-products-block\" class=\"wp-block-woocommerce-cart-cross-sells-products-block\"><\/div><\/div><\/div>\n\n<div data-block-name=\"woocommerce\/cart-totals-block\" class=\"wp-block-woocommerce-cart-totals-block\"><div data-block-name=\"woocommerce\/cart-order-summary-block\" class=\"wp-block-woocommerce-cart-order-summary-block\"><div data-block-name=\"woocommerce\/cart-order-summary-heading-block\" class=\"wp-block-woocommerce-cart-order-summary-heading-block\"><\/div>\n\n<div data-block-name=\"woocommerce\/cart-order-summary-coupon-form-block\" class=\"wp-block-woocommerce-cart-order-summary-coupon-form-block\"><\/div>\n\n<div data-block-name=\"woocommerce\/cart-order-summary-subtotal-block\" class=\"wp-block-woocommerce-cart-order-summary-subtotal-block\"><\/div>\n\n<div data-block-name=\"woocommerce\/cart-order-summary-fee-block\" class=\"wp-block-woocommerce-cart-order-summary-fee-block\"><\/div>\n\n<div data-block-name=\"woocommerce\/cart-order-summary-discount-block\" class=\"wp-block-woocommerce-cart-order-summary-discount-block\"><\/div>\n\n<div data-block-name=\"woocommerce\/cart-order-summary-shipping-block\" class=\"wp-block-woocommerce-cart-order-summary-shipping-block\"><\/div>\n\n<div data-block-name=\"woocommerce\/cart-order-summary-taxes-block\" class=\"wp-block-woocommerce-cart-order-summary-taxes-block\"><\/div><\/div>\n\n<div data-block-name=\"woocommerce\/cart-express-payment-block\" class=\"wp-block-woocommerce-cart-express-payment-block\"><\/div>\n\n<div data-block-name=\"woocommerce\/proceed-to-checkout-block\" class=\"wp-block-woocommerce-proceed-to-checkout-block\"><\/div>\n\n<div data-block-name=\"woocommerce\/cart-accepted-payment-methods-block\" class=\"wp-block-woocommerce-cart-accepted-payment-methods-block\"><\/div><\/div><\/div>\n\n<div data-block-name=\"woocommerce\/empty-cart-block\" class=\"wp-block-woocommerce-empty-cart-block\">\n<h2 class=\"wp-block-heading has-text-align-center with-empty-cart-icon wc-block-cart__empty-cart__title\">Teraz koszyk jest pusty!<\/h2>\n\n\n\n<hr class=\"wp-block-separator has-alpha-channel-opacity is-style-dots\"\/>\n\n\n\n<h2 class=\"wp-block-heading has-text-align-center\">Nowe produkty w sklepie<\/h2>\n\n\n<div data-block-name=\"woocommerce\/product-new\" data-columns=\"4\" data-rows=\"1\" class=\"wc-block-grid wp-block-product-new wc-block-product-new has-4-columns\"><ul class=\"wc-block-grid__products\"><li class=\"wc-block-grid__product\">\n\t\t\t\t<a href=\"https:\/\/altabaldai.lt\/pl\/product\/pusbario-kede-mia-comfort\/\" class=\"wc-block-grid__product-link\">\n\t\t\t\t\t\n\t\t\t\t\t<div class=\"wc-block-grid__product-image\"><div class='container-image-and-badge'><img loading=\"lazy\" decoding=\"async\" width=\"300\" height=\"300\" src=\"https:\/\/altabaldai.lt\/wp-content\/uploads\/2024\/04\/barnyi-stul-mia-comfort-300x300.jpg\" class=\"attachment-woocommerce_thumbnail size-woocommerce_thumbnail\" alt=\"Sto\u0142ek barowy MIA COMFORT\" srcset=\"https:\/\/altabaldai.lt\/wp-content\/uploads\/2024\/04\/barnyi-stul-mia-comfort-300x300.jpg 300w, https:\/\/altabaldai.lt\/wp-content\/uploads\/2024\/04\/barnyi-stul-mia-comfort-1024x1024.jpg 1024w, https:\/\/altabaldai.lt\/wp-content\/uploads\/2024\/04\/barnyi-stul-mia-comfort-150x150.jpg 150w, https:\/\/altabaldai.lt\/wp-content\/uploads\/2024\/04\/barnyi-stul-mia-comfort-768x768.jpg 768w, https:\/\/altabaldai.lt\/wp-content\/uploads\/2024\/04\/barnyi-stul-mia-comfort-1536x1536.jpg 1536w, https:\/\/altabaldai.lt\/wp-content\/uploads\/2024\/04\/barnyi-stul-mia-comfort-2048x2048.jpg 2048w, https:\/\/altabaldai.lt\/wp-content\/uploads\/2024\/04\/barnyi-stul-mia-comfort-12x12.jpg 12w, https:\/\/altabaldai.lt\/wp-content\/uploads\/2024\/04\/barnyi-stul-mia-comfort-600x600.jpg 600w, https:\/\/altabaldai.lt\/wp-content\/uploads\/2024\/04\/barnyi-stul-mia-comfort-100x100.jpg 100w, https:\/\/altabaldai.lt\/wp-content\/uploads\/2024\/04\/barnyi-stul-mia-comfort-50x50.jpg 50w\" sizes=\"(max-width: 300px) 100vw, 300px\" \/> <\/div><!--container-image-and-badge--><\/div>\n\t\t\t\t\t<div class=\"wc-block-grid__product-title\">Sto\u0142ek p\u00f3\u0142barowy MIA COMFORT<\/div>\n\t\t\t\t<\/a>\n\t\t\t\t<div class=\"wc-block-grid__product-price price\"><span class=\"woocommerce-Price-amount amount\">420,00&nbsp;<span class=\"woocommerce-Price-currencySymbol\">&euro;<\/span><\/span><\/div>\n\t\t\t\t\n\t\t\t\t<div class=\"wp-block-button wc-block-grid__product-add-to-cart\"><a href=\"https:\/\/altabaldai.lt\/pl\/product\/pusbario-kede-mia-comfort\/\" aria-label=\"Wybierz opcje dla \u201e\u041f\u043e\u043b\u0443\u0431\u0430\u0440\u043d\u044b\u0439 \u0441\u0442\u0443\u043b MIA COMFORT\u201d\" data-quantity=\"1\" data-product_id=\"4358\" data-product_sku=\"\" data-price=\"420\" rel=\"nofollow\" class=\"wp-block-button__link  add_to_cart_button\" data-no-translation=\"\" data-trp-gettext=\"\" data-no-translation-aria-label=\"\">Wybierz opcje<\/a><\/div>\n\t\t\t<\/li><li class=\"wc-block-grid__product\">\n\t\t\t\t<a href=\"https:\/\/altabaldai.lt\/pl\/product\/pusbario-kede-mia-light\/\" class=\"wc-block-grid__product-link\">\n\t\t\t\t\t\n\t\t\t\t\t<div class=\"wc-block-grid__product-image\"><div class='container-image-and-badge'><img loading=\"lazy\" decoding=\"async\" width=\"300\" height=\"300\" src=\"https:\/\/altabaldai.lt\/wp-content\/uploads\/2024\/04\/barnyi-stul-mia-light-300x300.jpg\" class=\"attachment-woocommerce_thumbnail size-woocommerce_thumbnail\" alt=\"Sto\u0142ek barowy MIA LIGHT\" srcset=\"https:\/\/altabaldai.lt\/wp-content\/uploads\/2024\/04\/barnyi-stul-mia-light-300x300.jpg 300w, https:\/\/altabaldai.lt\/wp-content\/uploads\/2024\/04\/barnyi-stul-mia-light-1024x1024.jpg 1024w, https:\/\/altabaldai.lt\/wp-content\/uploads\/2024\/04\/barnyi-stul-mia-light-150x150.jpg 150w, https:\/\/altabaldai.lt\/wp-content\/uploads\/2024\/04\/barnyi-stul-mia-light-768x768.jpg 768w, https:\/\/altabaldai.lt\/wp-content\/uploads\/2024\/04\/barnyi-stul-mia-light-1536x1536.jpg 1536w, https:\/\/altabaldai.lt\/wp-content\/uploads\/2024\/04\/barnyi-stul-mia-light-2048x2048.jpg 2048w, https:\/\/altabaldai.lt\/wp-content\/uploads\/2024\/04\/barnyi-stul-mia-light-12x12.jpg 12w, https:\/\/altabaldai.lt\/wp-content\/uploads\/2024\/04\/barnyi-stul-mia-light-600x600.jpg 600w, https:\/\/altabaldai.lt\/wp-content\/uploads\/2024\/04\/barnyi-stul-mia-light-100x100.jpg 100w, https:\/\/altabaldai.lt\/wp-content\/uploads\/2024\/04\/barnyi-stul-mia-light-50x50.jpg 50w\" sizes=\"(max-width: 300px) 100vw, 300px\" \/> <\/div><!--container-image-and-badge--><\/div>\n\t\t\t\t\t<div class=\"wc-block-grid__product-title\">Sto\u0142ek p\u00f3\u0142barowy MIA LIGHT<\/div>\n\t\t\t\t<\/a>\n\t\t\t\t<div class=\"wc-block-grid__product-price price\"><span class=\"woocommerce-Price-amount amount\">310,00&nbsp;<span class=\"woocommerce-Price-currencySymbol\">&euro;<\/span><\/span><\/div>\n\t\t\t\t\n\t\t\t\t<div class=\"wp-block-button wc-block-grid__product-add-to-cart\"><a href=\"https:\/\/altabaldai.lt\/pl\/product\/pusbario-kede-mia-light\/\" aria-label=\"Wybierz opcje dla \u201e\u041f\u043e\u043b\u0443\u0431\u0430\u0440\u043d\u044b\u0439 \u0441\u0442\u0443\u043b MIA LIGHT\u201d\" data-quantity=\"1\" data-product_id=\"4355\" data-product_sku=\"\" data-price=\"310\" rel=\"nofollow\" class=\"wp-block-button__link  add_to_cart_button\" data-no-translation=\"\" data-trp-gettext=\"\" data-no-translation-aria-label=\"\">Wybierz opcje<\/a><\/div>\n\t\t\t<\/li><li class=\"wc-block-grid__product\">\n\t\t\t\t<a href=\"https:\/\/altabaldai.lt\/pl\/product\/kede-kt385\/\" class=\"wc-block-grid__product-link\">\n\t\t\t\t\t\n\t\t\t\t\t<div class=\"wc-block-grid__product-image\"><div class='container-image-and-badge'><img loading=\"lazy\" decoding=\"async\" width=\"300\" height=\"300\" src=\"https:\/\/altabaldai.lt\/wp-content\/uploads\/2026\/03\/KEDE_KT385_main-1-300x300.png\" class=\"attachment-woocommerce_thumbnail size-woocommerce_thumbnail\" alt=\"Krzes\u0142o KT385\" srcset=\"https:\/\/altabaldai.lt\/wp-content\/uploads\/2026\/03\/KEDE_KT385_main-1-300x300.png 300w, https:\/\/altabaldai.lt\/wp-content\/uploads\/2026\/03\/KEDE_KT385_main-1-150x150.png 150w, https:\/\/altabaldai.lt\/wp-content\/uploads\/2026\/03\/KEDE_KT385_main-1-768x768.png 768w, https:\/\/altabaldai.lt\/wp-content\/uploads\/2026\/03\/KEDE_KT385_main-1-12x12.png 12w, https:\/\/altabaldai.lt\/wp-content\/uploads\/2026\/03\/KEDE_KT385_main-1-600x600.png 600w, https:\/\/altabaldai.lt\/wp-content\/uploads\/2026\/03\/KEDE_KT385_main-1-100x100.png 100w, https:\/\/altabaldai.lt\/wp-content\/uploads\/2026\/03\/KEDE_KT385_main-1-50x50.png 50w, https:\/\/altabaldai.lt\/wp-content\/uploads\/2026\/03\/KEDE_KT385_main-1.png 1024w\" sizes=\"(max-width: 300px) 100vw, 300px\" \/>\n<div class='yith-wcbm-badge yith-wcbm-badge-3035 yith-wcbm-badge-text yith-wcbm-badge--on-product-4270 yith-wcbm-badge-text' data-position='{&quot;top&quot;:&quot;0&quot;,&quot;right&quot;:&quot;auto&quot;,&quot;bottom&quot;:&quot;auto&quot;,&quot;left&quot;:&quot;0&quot;}' data-transform=''>\n\t<div class='yith-wcbm-badge__wrap'>\n\t\t<div class=\"yith-wcbm-badge-text\"><p style=\"line-height: 16px\"><span style=\"font-size: 10pt\"><strong><span style=\"font-family: tahoma, arial, helvetica, sans-serif\"><span style=\"color: #ffffff\">NOWY<\/span><\/span><\/strong><\/span><\/p><\/div>\n\t<\/div>\n<\/div>\n<!--yith-wcbm-badge-->\n<\/div><!--container-image-and-badge--><\/div>\n\t\t\t\t\t<div class=\"wc-block-grid__product-title\">Krzes\u0142o KT385<\/div>\n\t\t\t\t<\/a>\n\t\t\t\t<div class=\"wc-block-grid__product-price price\"><span class=\"woocommerce-Price-amount amount\">320,00&nbsp;<span class=\"woocommerce-Price-currencySymbol\">&euro;<\/span><\/span><\/div>\n\t\t\t\t\n\t\t\t\t<div class=\"wp-block-button wc-block-grid__product-add-to-cart\"><a href=\"?add-to-cart=4270\" aria-label=\"Dodaj do koszyka: \u201e\u0421\u0442\u0443\u043b KT385\u201d\" data-quantity=\"1\" data-product_id=\"4270\" data-product_sku=\"\" data-price=\"320\" rel=\"nofollow\" class=\"wp-block-button__link  add_to_cart_button ajax_add_to_cart\" data-no-translation=\"\" data-trp-gettext=\"\" data-no-translation-aria-label=\"\">Dodaj do koszyka<\/a><\/div>\n\t\t\t<\/li><li class=\"wc-block-grid__product\">\n\t\t\t\t<a href=\"https:\/\/altabaldai.lt\/pl\/product\/kede-kt384\/\" class=\"wc-block-grid__product-link\">\n\t\t\t\t\t\n\t\t\t\t\t<div class=\"wc-block-grid__product-image\"><div class='container-image-and-badge'><img loading=\"lazy\" decoding=\"async\" width=\"300\" height=\"300\" src=\"https:\/\/altabaldai.lt\/wp-content\/uploads\/2026\/03\/KEDE_KT384_main-300x300.png\" class=\"attachment-woocommerce_thumbnail size-woocommerce_thumbnail\" alt=\"Krzes\u0142o KT384\" srcset=\"https:\/\/altabaldai.lt\/wp-content\/uploads\/2026\/03\/KEDE_KT384_main-300x300.png 300w, https:\/\/altabaldai.lt\/wp-content\/uploads\/2026\/03\/KEDE_KT384_main-150x150.png 150w, https:\/\/altabaldai.lt\/wp-content\/uploads\/2026\/03\/KEDE_KT384_main-768x768.png 768w, https:\/\/altabaldai.lt\/wp-content\/uploads\/2026\/03\/KEDE_KT384_main-12x12.png 12w, https:\/\/altabaldai.lt\/wp-content\/uploads\/2026\/03\/KEDE_KT384_main-600x600.png 600w, https:\/\/altabaldai.lt\/wp-content\/uploads\/2026\/03\/KEDE_KT384_main-100x100.png 100w, https:\/\/altabaldai.lt\/wp-content\/uploads\/2026\/03\/KEDE_KT384_main-50x50.png 50w, https:\/\/altabaldai.lt\/wp-content\/uploads\/2026\/03\/KEDE_KT384_main.png 1024w\" sizes=\"(max-width: 300px) 100vw, 300px\" \/>\n<div class='yith-wcbm-badge yith-wcbm-badge-3035 yith-wcbm-badge-text yith-wcbm-badge--on-product-4261 yith-wcbm-badge-text' data-position='{&quot;top&quot;:&quot;0&quot;,&quot;right&quot;:&quot;auto&quot;,&quot;bottom&quot;:&quot;auto&quot;,&quot;left&quot;:&quot;0&quot;}' data-transform=''>\n\t<div class='yith-wcbm-badge__wrap'>\n\t\t<div class=\"yith-wcbm-badge-text\"><p style=\"line-height: 16px\"><span style=\"font-size: 10pt\"><strong><span style=\"font-family: tahoma, arial, helvetica, sans-serif\"><span style=\"color: #ffffff\">NOWY<\/span><\/span><\/strong><\/span><\/p><\/div>\n\t<\/div>\n<\/div>\n<!--yith-wcbm-badge-->\n<\/div><!--container-image-and-badge--><\/div>\n\t\t\t\t\t<div class=\"wc-block-grid__product-title\">Krzes\u0142o KT384<\/div>\n\t\t\t\t<\/a>\n\t\t\t\t<div class=\"wc-block-grid__product-price price\"><span class=\"woocommerce-Price-amount amount\">290,00&nbsp;<span class=\"woocommerce-Price-currencySymbol\">&euro;<\/span><\/span><\/div>\n\t\t\t\t\n\t\t\t\t<div class=\"wp-block-button wc-block-grid__product-add-to-cart\"><a href=\"?add-to-cart=4261\" aria-label=\"Dodaj do koszyka: \u201e\u0421\u0442\u0443\u043b KT384\u201d\" data-quantity=\"1\" data-product_id=\"4261\" data-product_sku=\"\" data-price=\"290\" rel=\"nofollow\" class=\"wp-block-button__link  add_to_cart_button ajax_add_to_cart\" data-no-translation=\"\" data-trp-gettext=\"\" data-no-translation-aria-label=\"\">Dodaj do koszyka<\/a><\/div>\n\t\t\t<\/li><\/ul><\/div><\/div><\/div>","protected":false},"excerpt":{"rendered":"","protected":false},"author":1,"featured_media":0,"parent":0,"menu_order":1,"comment_status":"closed","ping_status":"closed","template":"","meta":{"footnotes":""},"_links":{"self":[{"href":"https:\/\/altabaldai.lt\/pl\/wp-json\/wp\/v2\/pages\/12"}],"collection":[{"href":"https:\/\/altabaldai.lt\/pl\/wp-json\/wp\/v2\/pages"}],"about":[{"href":"https:\/\/altabaldai.lt\/pl\/wp-json\/wp\/v2\/types\/page"}],"author":[{"embeddable":true,"href":"https:\/\/altabaldai.lt\/pl\/wp-json\/wp\/v2\/users\/1"}],"replies":[{"embeddable":true,"href":"https:\/\/altabaldai.lt\/pl\/wp-json\/wp\/v2\/comments?post=12"}],"version-history":[{"count":1,"href":"https:\/\/altabaldai.lt\/pl\/wp-json\/wp\/v2\/pages\/12\/revisions"}],"predecessor-version":[{"id":24,"href":"https:\/\/altabaldai.lt\/pl\/wp-json\/wp\/v2\/pages\/12\/revisions\/24"}],"wp:attachment":[{"href":"https:\/\/altabaldai.lt\/pl\/wp-json\/wp\/v2\/media?parent=12"}],"curies":[{"name":"wp","href":"https:\/\/api.w.org\/{rel}","templated":true}]}}