{"id":119,"date":"2024-01-09T21:14:01","date_gmt":"2024-01-09T18:14:01","guid":{"rendered":"https:\/\/altabaldai.lt\/?page_id=119"},"modified":"2025-05-14T12:31:37","modified_gmt":"2025-05-14T09:31:37","slug":"garantija","status":"publish","type":"page","link":"https:\/\/altabaldai.lt\/pl\/garantija\/","title":{"rendered":"Gwarancja"},"content":{"rendered":"<div class=\"wp-block-group cust1 warr is-layout-constrained wp-block-group-is-layout-constrained\"><div class=\"wp-block-group__inner-container\">\n<p>Gwarancja obejmuje wszystkie prace i materia\u0142y, a wszelkie wadliwe elementy zostan\u0105 wymienione bezp\u0142atnie. Okres gwarancji na meble wynosi 12 miesi\u0119cy. Je\u015bli w okresie gwarancyjnym pojawi si\u0119 problem zwi\u0105zany z wadami produkcyjnymi, prosimy o kontakt za po\u015brednictwem adresu e-mail podanego na stronie internetowej. Gwarancja obejmuje:<\/p>\n\n\n\n<ul>\n<li>za wady produkcyjne;<\/li>\n\n\n\n<li>za odkszta\u0142cenia i uszkodzenia niezwi\u0105zane z niew\u0142a\u015bciwym u\u017cytkowaniem;<\/li>\n\n\n\n<li>za wady produkcyjne, kt\u00f3re wyst\u0105pi\u0142y podczas eksploatacji.<\/li>\n<\/ul>\n\n\n\n<p>Gwarancja nie obejmuje wad wynikaj\u0105cych z:<\/p>\n\n\n\n<ul>\n<li>je\u017celi wady towaru zosta\u0142y wskazane przez Sprzedaj\u0105cego przy sprzeda\u017cy towaru;<\/li>\n\n\n\n<li>w przypadku wykrycia nieautoryzowanych zmian w projekcie produktu;<\/li>\n\n\n\n<li>je\u015bli towary wykazuj\u0105 oznaki ingerencji lub je\u015bli podj\u0119to pr\u00f3b\u0119 samodzielnej naprawy;<\/li>\n\n\n\n<li>je\u017celi towary by\u0142y u\u017cywane do cel\u00f3w innych ni\u017c te, do kt\u00f3rych by\u0142y przeznaczone lub w warunkach, do kt\u00f3rych nie by\u0142y przeznaczone;<\/li>\n\n\n\n<li>je\u015bli towary maj\u0105 uszkodzenia mechaniczne (wewn\u0119trzne lub zewn\u0119trzne) wynikaj\u0105ce z niew\u0142a\u015bciwego przechowywania, u\u017cytkowania, transportu lub instalacji;<\/li>\n\n\n\n<li>uszkodzenia towar\u00f3w w wyniku kl\u0119ski \u017cywio\u0142owej, po\u017caru, czynnik\u00f3w domowych;<\/li>\n\n\n\n<li>w przypadku wykrycia p\u0119kni\u0119\u0107 i p\u0119cznienia cz\u0119\u015bci z powodu nieprawid\u0142owych warunk\u00f3w pracy (bezpo\u015bredni kontakt z wod\u0105 lub praca w miejscach o niskiej lub wysokiej wilgotno\u015bci).<\/li>\n<\/ul>\n\n\n\n<p>Odbi\u00f3r towaru pod wzgl\u0119dem ilo\u015bciowym, jako\u015bciowym (pod wzgl\u0119dem widocznych wad) i asortymentowym nast\u0119puje w momencie wydania towaru Kupuj\u0105cemu. Po tym terminie Kupuj\u0105cy nie jest uprawniony do zg\u0142aszania jakichkolwiek roszcze\u0144 dotycz\u0105cych ilo\u015bci i asortymentu, z wyj\u0105tkiem przypadk\u00f3w przewidzianych przepisami prawa. Okres gwarancji dla wy\u017cej wymienionych zobowi\u0105za\u0144 liczony jest od daty przekazania towaru Kupuj\u0105cemu. Gwarancja nie ma zastosowania, je\u017celi wady zostan\u0105 wykryte i zg\u0142oszone przez Kupuj\u0105cego po up\u0142ywie okresu gwarancji. W sytuacjach spornych zar\u00f3wno Kupuj\u0105cy jak i Sprzedaj\u0105cy maj\u0105 prawo do niezale\u017cnej ekspertyzy. W celu unikni\u0119cia wad przy monta\u017cu mebli z litego drewna w okresie jesienno-zimowym, zaleca si\u0119 wykonanie prac nie wcze\u015bniej ni\u017c 3 dnia po ich dostarczeniu do budynku mieszkalnego.<\/p>\n<\/div><\/div>\n\n\n\n<hr class=\"wp-block-separator has-alpha-channel-opacity is-style-dots\"\/>\n\n\n\n<div style=\"height:100px\" aria-hidden=\"true\" class=\"wp-block-spacer\"><\/div>","protected":false},"excerpt":{"rendered":"<p>\u0413\u0430\u0440\u0430\u043d\u0442\u0438\u044f \u0440\u0430\u0441\u043f\u0440\u043e\u0441\u0442\u0440\u0430\u043d\u044f\u0435\u0442\u0441\u044f \u043d\u0430 \u0432\u0441\u0435 \u0440\u0430\u0431\u043e\u0442\u044b \u0438 \u043c\u0430\u0442\u0435\u0440\u0438\u0430\u043b\u044b, \u0430 \u043b\u044e\u0431\u044b\u0435 \u0434\u0435\u0444\u0435\u043a\u0442\u043d\u044b\u0435 \u0438\u0437\u0434\u0435\u043b\u0438\u044f \u0431\u0443\u0434\u0443\u0442 \u0437\u0430\u043c\u0435\u043d\u0435\u043d\u044b \u0431\u0435\u0441\u043f\u043b\u0430\u0442\u043d\u043e. \u0413\u0430\u0440\u0430\u043d\u0442\u0438\u0439\u043d\u044b\u0439 \u0441\u0440\u043e\u043a \u043d\u0430 \u043c\u0435\u0431\u0435\u043b\u044c \u0441\u043e\u0441\u0442\u0430\u0432\u043b\u044f\u0435\u0442 12 \u043c\u0435\u0441\u044f\u0446\u0435\u0432. \u0415\u0441\u043b\u0438 \u0432 \u0442\u0435\u0447\u0435\u043d\u0438\u0435 \u0433\u0430\u0440\u0430\u043d\u0442\u0438\u0439\u043d\u043e\u0433\u043e \u0441\u0440\u043e\u043a\u0430 \u0432\u043e\u0437\u043d\u0438\u043a\u043d\u0435\u0442 \u0432\u043e\u043f\u0440\u043e\u0441, \u0441\u0432\u044f\u0437\u0430\u043d\u043d\u044b\u0439 \u0441 \u043f\u0440\u043e\u0438\u0437\u0432\u043e\u0434\u0441\u0442\u0432\u0435\u043d\u043d\u044b\u043c\u0438 \u0434\u0435\u0444\u0435\u043a\u0442\u0430\u043c\u0438, \u043f\u043e\u0436\u0430\u043b\u0443\u0439\u0441\u0442\u0430, \u0441\u0432\u044f\u0436\u0438\u0442\u0435\u0441\u044c \u0441 \u043d\u0430\u043c\u0438 \u043f\u043e \u044d\u043b\u0435\u043a\u0442\u0440\u043e\u043d\u043d\u043e\u0439 \u043f\u043e\u0447\u0442\u0435, \u0443\u043a\u0430\u0437\u0430\u043d\u043d\u043e\u0439 \u043d\u0430 \u0441\u0430\u0439\u0442\u0435. \u0413\u0430\u0440\u0430\u043d\u0442\u0438\u0439\u043d\u044b\u0435 \u043e\u0431\u044f\u0437\u0430\u0442\u0435\u043b\u044c\u0441\u0442\u0432\u0430 \u0440\u0430\u0441\u043f\u0440\u043e\u0441\u0442\u0440\u0430\u043d\u044f\u044e\u0442\u0441\u044f: \u0413\u0430\u0440\u0430\u043d\u0442\u0438\u0439\u043d\u044b\u0435 \u043e\u0431\u044f\u0437\u0430\u0442\u0435\u043b\u044c\u0441\u0442\u0432\u0430 \u043d\u0435 \u0440\u0430\u0441\u043f\u0440\u043e\u0441\u0442\u0440\u0430\u043d\u044f\u044e\u0442\u0441\u044f \u043d\u0430 \u0434\u0435\u0444\u0435\u043a\u0442\u044b, \u0432\u043e\u0437\u043d\u0438\u043a\u0448\u0438\u0435 \u0432 \u0440\u0435\u0437\u0443\u043b\u044c\u0442\u0430\u0442\u0435: \u041f\u0440\u0438\u0435\u043c\u043a\u0430 [&hellip;]<\/p>","protected":false},"author":1,"featured_media":0,"parent":0,"menu_order":0,"comment_status":"closed","ping_status":"closed","template":"","meta":{"footnotes":""},"_links":{"self":[{"href":"https:\/\/altabaldai.lt\/pl\/wp-json\/wp\/v2\/pages\/119"}],"collection":[{"href":"https:\/\/altabaldai.lt\/pl\/wp-json\/wp\/v2\/pages"}],"about":[{"href":"https:\/\/altabaldai.lt\/pl\/wp-json\/wp\/v2\/types\/page"}],"author":[{"embeddable":true,"href":"https:\/\/altabaldai.lt\/pl\/wp-json\/wp\/v2\/users\/1"}],"replies":[{"embeddable":true,"href":"https:\/\/altabaldai.lt\/pl\/wp-json\/wp\/v2\/comments?post=119"}],"version-history":[{"count":7,"href":"https:\/\/altabaldai.lt\/pl\/wp-json\/wp\/v2\/pages\/119\/revisions"}],"predecessor-version":[{"id":1214,"href":"https:\/\/altabaldai.lt\/pl\/wp-json\/wp\/v2\/pages\/119\/revisions\/1214"}],"wp:attachment":[{"href":"https:\/\/altabaldai.lt\/pl\/wp-json\/wp\/v2\/media?parent=119"}],"curies":[{"name":"wp","href":"https:\/\/api.w.org\/{rel}","templated":true}]}}