{"id":1179,"date":"2024-02-02T12:21:11","date_gmt":"2024-02-02T09:21:11","guid":{"rendered":"https:\/\/altabaldai.lt\/?page_id=1179"},"modified":"2024-11-14T15:13:25","modified_gmt":"2024-11-14T12:13:25","slug":"idejos-ir-tendencijos","status":"publish","type":"page","link":"https:\/\/altabaldai.lt\/pl\/idejos-ir-tendencijos\/","title":{"rendered":"Pomys\u0142y i trendy"},"content":{"rendered":"<div class=\"wp-block-group cust1 trends is-layout-constrained wp-block-group-is-layout-constrained\"><div class=\"wp-block-group__inner-container\">\n<h2 class=\"wp-block-heading has-text-align-center\">6 wskaz\u00f3wek, jak wybra\u0107 odpowiednie drewniane meble do wn\u0119trza pokoju<\/h2>\n\n\n\n<p>Naturalne drewno odgrywa wa\u017cn\u0105 rol\u0119 w nowoczesnym wn\u0119trzu. Nadaje przestrzeni ciep\u0142o i naturalno\u015b\u0107. Drewniane sto\u0142y, krzes\u0142a, \u0142\u00f3\u017cka, komody, rega\u0142y i inne meble wykonane z drewna s\u0105 w stanie \u0142atwo uczyni\u0107 przestrze\u0144 mieszkaln\u0105 lub biurow\u0105 przytuln\u0105 i stylow\u0105, stworzy\u0107 atmosfer\u0119 spokoju i komfortu.<\/p>\n\n\n\n<p>Drewniane meble maj\u0105 sw\u00f3j niepowtarzalny urok i mog\u0105 by\u0107 u\u017cywane w prawie ka\u017cdym stylu wn\u0119trza. Ponadto drewno jest mocnym i trwa\u0142ym materia\u0142em, kt\u00f3ry zachowuje swoje pi\u0119kno i wyrafinowanie przez lata.<\/p>\n\n\n\n<p>Jak po\u0142\u0105czy\u0107 drewniane meble z reszt\u0105 wn\u0119trza, aby nada\u0107 pomieszczeniu nowoczesny design?<\/p>\n\n\n\n<p>Oto kilka prostych wskaz\u00f3wek:<\/p>\n\n\n\n<p><strong>Wybierz proste i minimalistyczne kszta\u0142ty mebli<\/strong>. We wsp\u00f3\u0142czesnym wn\u0119trzu dominuj\u0105 proste linie, geometryczne kszta\u0142ty i dyskretne rozwi\u0105zania projektowe. Drewniane meble o prostych, zwi\u0119z\u0142ych formach idealnie pasuj\u0105 do tego stylu.<\/p>\n\n\n\n<figure class=\"wp-block-image size-large\"><img loading=\"lazy\" decoding=\"async\" width=\"1024\" height=\"691\" src=\"http:\/\/altabaldai.lt\/wp-content\/uploads\/2024\/02\/foto-1-wooden-console-1024x691.jpg\" alt=\"\" class=\"wp-image-1227\" srcset=\"https:\/\/altabaldai.lt\/wp-content\/uploads\/2024\/02\/foto-1-wooden-console-1024x691.jpg 1024w, https:\/\/altabaldai.lt\/wp-content\/uploads\/2024\/02\/foto-1-wooden-console-600x405.jpg 600w, https:\/\/altabaldai.lt\/wp-content\/uploads\/2024\/02\/foto-1-wooden-console-300x203.jpg 300w, https:\/\/altabaldai.lt\/wp-content\/uploads\/2024\/02\/foto-1-wooden-console-768x518.jpg 768w, https:\/\/altabaldai.lt\/wp-content\/uploads\/2024\/02\/foto-1-wooden-console-18x12.jpg 18w, https:\/\/altabaldai.lt\/wp-content\/uploads\/2024\/02\/foto-1-wooden-console.jpg 1200w\" sizes=\"(max-width: 1024px) 100vw, 1024px\" \/><\/figure>\n\n\n\n<p><strong>U\u017cyj kombinacji drewna z metalem i szk\u0142em.<\/strong> Po\u0142\u0105czenie litego drewna z metalem lub szk\u0142em nada meblom nowoczesny wygl\u0105d. Na przyk\u0142ad drewniany st\u00f3\u0142 z metalowymi nogami lub szklanym blatem mo\u017ce by\u0107 stylowym akcentem we wn\u0119trzu.<\/p>\n\n\n\n<figure class=\"wp-block-image size-large\"><img loading=\"lazy\" decoding=\"async\" width=\"1024\" height=\"683\" src=\"http:\/\/altabaldai.lt\/wp-content\/uploads\/2024\/02\/Foto-2-Elipse-oval-table-1024x683.jpg\" alt=\"\" class=\"wp-image-1228\" srcset=\"https:\/\/altabaldai.lt\/wp-content\/uploads\/2024\/02\/Foto-2-Elipse-oval-table-1024x683.jpg 1024w, https:\/\/altabaldai.lt\/wp-content\/uploads\/2024\/02\/Foto-2-Elipse-oval-table-600x400.jpg 600w, https:\/\/altabaldai.lt\/wp-content\/uploads\/2024\/02\/Foto-2-Elipse-oval-table-300x200.jpg 300w, https:\/\/altabaldai.lt\/wp-content\/uploads\/2024\/02\/Foto-2-Elipse-oval-table-768x512.jpg 768w, https:\/\/altabaldai.lt\/wp-content\/uploads\/2024\/02\/Foto-2-Elipse-oval-table-1536x1024.jpg 1536w, https:\/\/altabaldai.lt\/wp-content\/uploads\/2024\/02\/Foto-2-Elipse-oval-table-18x12.jpg 18w, https:\/\/altabaldai.lt\/wp-content\/uploads\/2024\/02\/Foto-2-Elipse-oval-table.jpg 1800w\" sizes=\"(max-width: 1024px) 100vw, 1024px\" \/><\/figure>\n\n\n\n<p><strong>Baw si\u0119 kontrastami. <\/strong>Kontrasty w fakturach i odcieniach pomagaj\u0105 stworzy\u0107 ciekawe i dynamiczne wn\u0119trze. Spr\u00f3buj po\u0142\u0105czy\u0107 drewno z innymi materia\u0142ami, takimi jak kamie\u0144, sk\u00f3ra lub tekstylia, aby nada\u0107 wn\u0119trzu g\u0142\u0119bi\u0119 i osobowo\u015b\u0107.<\/p>\n\n\n\n<figure class=\"wp-block-image size-large\"><img loading=\"lazy\" decoding=\"async\" width=\"1024\" height=\"1024\" src=\"http:\/\/altabaldai.lt\/wp-content\/uploads\/2024\/02\/Foto-3-ArmChair_Leather-1024x1024.webp\" alt=\"\" class=\"wp-image-1229\" srcset=\"https:\/\/altabaldai.lt\/wp-content\/uploads\/2024\/02\/Foto-3-ArmChair_Leather-1024x1024.webp 1024w, https:\/\/altabaldai.lt\/wp-content\/uploads\/2024\/02\/Foto-3-ArmChair_Leather-300x300.webp 300w, https:\/\/altabaldai.lt\/wp-content\/uploads\/2024\/02\/Foto-3-ArmChair_Leather-100x100.webp 100w, https:\/\/altabaldai.lt\/wp-content\/uploads\/2024\/02\/Foto-3-ArmChair_Leather-600x600.webp 600w, https:\/\/altabaldai.lt\/wp-content\/uploads\/2024\/02\/Foto-3-ArmChair_Leather-150x150.webp 150w, https:\/\/altabaldai.lt\/wp-content\/uploads\/2024\/02\/Foto-3-ArmChair_Leather-768x768.webp 768w, https:\/\/altabaldai.lt\/wp-content\/uploads\/2024\/02\/Foto-3-ArmChair_Leather-12x12.webp 12w, https:\/\/altabaldai.lt\/wp-content\/uploads\/2024\/02\/Foto-3-ArmChair_Leather-50x50.webp 50w, https:\/\/altabaldai.lt\/wp-content\/uploads\/2024\/02\/Foto-3-ArmChair_Leather.webp 1200w\" sizes=\"(max-width: 1024px) 100vw, 1024px\" \/><\/figure>\n\n\n\n<figure class=\"wp-block-image size-full\"><img loading=\"lazy\" decoding=\"async\" width=\"1000\" height=\"1000\" src=\"http:\/\/altabaldai.lt\/wp-content\/uploads\/2024\/02\/foto-4-armchair-detail.jpg\" alt=\"\" class=\"wp-image-1237\" srcset=\"https:\/\/altabaldai.lt\/wp-content\/uploads\/2024\/02\/foto-4-armchair-detail.jpg 1000w, https:\/\/altabaldai.lt\/wp-content\/uploads\/2024\/02\/foto-4-armchair-detail-300x300.jpg 300w, https:\/\/altabaldai.lt\/wp-content\/uploads\/2024\/02\/foto-4-armchair-detail-100x100.jpg 100w, https:\/\/altabaldai.lt\/wp-content\/uploads\/2024\/02\/foto-4-armchair-detail-600x600.jpg 600w, https:\/\/altabaldai.lt\/wp-content\/uploads\/2024\/02\/foto-4-armchair-detail-150x150.jpg 150w, https:\/\/altabaldai.lt\/wp-content\/uploads\/2024\/02\/foto-4-armchair-detail-768x768.jpg 768w, https:\/\/altabaldai.lt\/wp-content\/uploads\/2024\/02\/foto-4-armchair-detail-12x12.jpg 12w, https:\/\/altabaldai.lt\/wp-content\/uploads\/2024\/02\/foto-4-armchair-detail-50x50.jpg 50w\" sizes=\"(max-width: 1000px) 100vw, 1000px\" \/><\/figure>\n\n\n\n<p><strong>Zbadaj jako\u015b\u0107 materia\u0142u.<\/strong> Wybieraj\u0105c meble drewniane, zwr\u00f3\u0107 uwag\u0119 na materia\u0142y, z kt\u00f3rych s\u0105 wykonane. Preferuj meble z naturalnego drewna, poniewa\u017c s\u0105 trwa\u0142e, przyjazne dla \u015brodowiska i maj\u0105 przyjemny wygl\u0105d.<\/p>\n\n\n\n<p><strong>Wybierz neutralne odcienie.<\/strong> Drewno w neutralnych odcieniach, takich jak jasny d\u0105b, jesion lub orzech, \u0142atwiej wtapia si\u0119 w nowoczesne wn\u0119trze i tworzy spokojn\u0105, zr\u00f3wnowa\u017con\u0105 atmosfer\u0119.<\/p>\n\n\n\n<figure class=\"wp-block-image size-large\"><img loading=\"lazy\" decoding=\"async\" width=\"1024\" height=\"643\" src=\"http:\/\/altabaldai.lt\/wp-content\/uploads\/2024\/02\/foto-5-elegance_ton-1024x643.jpg\" alt=\"\" class=\"wp-image-1236\" srcset=\"https:\/\/altabaldai.lt\/wp-content\/uploads\/2024\/02\/foto-5-elegance_ton-1024x643.jpg 1024w, https:\/\/altabaldai.lt\/wp-content\/uploads\/2024\/02\/foto-5-elegance_ton-600x377.jpg 600w, https:\/\/altabaldai.lt\/wp-content\/uploads\/2024\/02\/foto-5-elegance_ton-300x188.jpg 300w, https:\/\/altabaldai.lt\/wp-content\/uploads\/2024\/02\/foto-5-elegance_ton-768x482.jpg 768w, https:\/\/altabaldai.lt\/wp-content\/uploads\/2024\/02\/foto-5-elegance_ton-18x12.jpg 18w, https:\/\/altabaldai.lt\/wp-content\/uploads\/2024\/02\/foto-5-elegance_ton.jpg 1440w\" sizes=\"(max-width: 1024px) 100vw, 1024px\" \/><\/figure>\n\n\n\n<p><strong>Udekoruj m\u0105drze. &nbsp;<\/strong>Meble z litego drewna mo\u017cna ozdobi\u0107 r\u00f3\u017cnymi elementami dekoracyjnymi, takimi jak metalowe uchwyty, szklane wstawki lub snycerstwo, ale staraj si\u0119 nie przeci\u0105\u017ca\u0107 og\u00f3lnego wn\u0119trza wystrojem, aby zachowa\u0107 nowoczesny styl.<\/p>\n\n\n\n<p>Post\u0119puj\u0105c zgodnie z tymi do\u015b\u0107 prostymi zasadami, wybrane meble stan\u0105 si\u0119 integraln\u0105 cz\u0119\u015bci\u0105 wn\u0119trza twojego mieszkania, domu lub biura, nadaj\u0105c mu osobowo\u015b\u0107 i styl. Nie zapomnij r\u00f3wnie\u017c o funkcjonalno\u015bci i komforcie, a na pewno otrzymasz przytuln\u0105 i wygodn\u0105 przestrze\u0144, kt\u00f3ra zachwyci ci\u0119 ka\u017cdego dnia.<\/p>\n<\/div><\/div>\n\n\n\n<hr class=\"wp-block-separator has-alpha-channel-opacity is-style-dots\"\/>\n\n\n\n<div class=\"wp-block-group cust1 trends is-layout-constrained wp-block-group-is-layout-constrained\"><div class=\"wp-block-group__inner-container\">\n<h2 class=\"wp-block-heading has-text-align-center\">Po\u0142\u0105czenie we wn\u0119trzu mebli z litego drewna<\/h2>\n\n\n\n<p><strong>Meble z drewna <\/strong>doskonale komponuje si\u0119 z takimi naturalnymi materia\u0142ami jak kamie\u0144, metal, rattan, sk\u00f3ra, tkaniny, itp. Takie po\u0142\u0105czenie cz\u0119sto tworz\u0105 ciekawe tekstury i kombinacje kolor\u00f3w, dodaj\u0105 pomieszczeniom harmoni\u0119, pi\u0119kno i wytworno\u015b\u0107.<\/p>\n\n\n\n<p>Na przyk\u0142ad, <strong>drewniana szafa<\/strong> i <strong>st\u00f3\u0142 z litego drewna<\/strong> \u015bwietnie wygl\u0105da w pokoju z kamiennymi \u015bcianami, pod\u0142og\u0105 lub elementami dekoracyjnymi, a <strong>blat z naturalnego drewna<\/strong> ze wstawkami z kamienia lub kamienne podpory do drewnianego sto\u0142u, s\u0105 w stanie nada\u0107 mebli, wytrzyma\u0142o\u015b\u0107 i elegancj\u0119.<\/p>\n\n\n\n<figure class=\"wp-block-image size-large\"><img loading=\"lazy\" decoding=\"async\" width=\"1024\" height=\"819\" src=\"http:\/\/altabaldai.lt\/wp-content\/uploads\/2024\/02\/Foto-1-Wood-Dining-Table-Stone-Ton-1024x819.jpg\" alt=\"\" class=\"wp-image-1253\" srcset=\"https:\/\/altabaldai.lt\/wp-content\/uploads\/2024\/02\/Foto-1-Wood-Dining-Table-Stone-Ton-1024x819.jpg 1024w, https:\/\/altabaldai.lt\/wp-content\/uploads\/2024\/02\/Foto-1-Wood-Dining-Table-Stone-Ton-600x480.jpg 600w, https:\/\/altabaldai.lt\/wp-content\/uploads\/2024\/02\/Foto-1-Wood-Dining-Table-Stone-Ton-300x240.jpg 300w, https:\/\/altabaldai.lt\/wp-content\/uploads\/2024\/02\/Foto-1-Wood-Dining-Table-Stone-Ton-768x614.jpg 768w, https:\/\/altabaldai.lt\/wp-content\/uploads\/2024\/02\/Foto-1-Wood-Dining-Table-Stone-Ton-15x12.jpg 15w, https:\/\/altabaldai.lt\/wp-content\/uploads\/2024\/02\/Foto-1-Wood-Dining-Table-Stone-Ton.jpg 1200w\" sizes=\"(max-width: 1024px) 100vw, 1024px\" \/><\/figure>\n\n\n\n<figure class=\"wp-block-image size-full\"><img loading=\"lazy\" decoding=\"async\" width=\"900\" height=\"720\" src=\"http:\/\/altabaldai.lt\/wp-content\/uploads\/2024\/02\/Foto-2-kitchen-with-stone-walls.jpg\" alt=\"\" class=\"wp-image-1254\" srcset=\"https:\/\/altabaldai.lt\/wp-content\/uploads\/2024\/02\/Foto-2-kitchen-with-stone-walls.jpg 900w, https:\/\/altabaldai.lt\/wp-content\/uploads\/2024\/02\/Foto-2-kitchen-with-stone-walls-600x480.jpg 600w, https:\/\/altabaldai.lt\/wp-content\/uploads\/2024\/02\/Foto-2-kitchen-with-stone-walls-300x240.jpg 300w, https:\/\/altabaldai.lt\/wp-content\/uploads\/2024\/02\/Foto-2-kitchen-with-stone-walls-768x614.jpg 768w, https:\/\/altabaldai.lt\/wp-content\/uploads\/2024\/02\/Foto-2-kitchen-with-stone-walls-15x12.jpg 15w\" sizes=\"(max-width: 900px) 100vw, 900px\" \/><\/figure>\n\n\n\n<p>Kombinacja w przedmiotach mebli z drewna i metalu \u2014 to stylowe i popularne po\u0142\u0105czenie, kt\u00f3re nadaje wn\u0119trzu nowoczesny i elegancki wygl\u0105d. Metalowe detale mo\u017cna wykorzysta\u0107 do stworzenia akcent\u00f3w lub wyko\u0144czenia przestrzeni w stylu loftu, w kt\u00f3rej do drewna i metalu mo\u017cna doda\u0107 ceglane \u015bciany, betonowe pod\u0142ogi i inne surowe materia\u0142y. Symbioz\u0119 ciep\u0142ego naturalnego drewna z zimnym metalem mo\u017cna r\u00f3wnie\u017c zastosowa\u0107 w minimalistycznym stylu, w kt\u00f3rym czyste linie i proste formy drewnianych mebli \u0142\u0105cz\u0105 si\u0119 z metalowymi elementami, tworz\u0105c spokojne, eleganckie wn\u0119trze.<\/p>\n\n\n\n<figure class=\"wp-block-image size-large\"><img loading=\"lazy\" decoding=\"async\" width=\"1024\" height=\"671\" src=\"http:\/\/altabaldai.lt\/wp-content\/uploads\/2024\/02\/Foto-3-Scandinavian-Style-Wood-1024x671.webp\" alt=\"\" class=\"wp-image-1255\" srcset=\"https:\/\/altabaldai.lt\/wp-content\/uploads\/2024\/02\/Foto-3-Scandinavian-Style-Wood-1024x671.webp 1024w, https:\/\/altabaldai.lt\/wp-content\/uploads\/2024\/02\/Foto-3-Scandinavian-Style-Wood-600x393.webp 600w, https:\/\/altabaldai.lt\/wp-content\/uploads\/2024\/02\/Foto-3-Scandinavian-Style-Wood-300x196.webp 300w, https:\/\/altabaldai.lt\/wp-content\/uploads\/2024\/02\/Foto-3-Scandinavian-Style-Wood-768x503.webp 768w, https:\/\/altabaldai.lt\/wp-content\/uploads\/2024\/02\/Foto-3-Scandinavian-Style-Wood-1536x1006.webp 1536w, https:\/\/altabaldai.lt\/wp-content\/uploads\/2024\/02\/Foto-3-Scandinavian-Style-Wood-2048x1341.webp 2048w, https:\/\/altabaldai.lt\/wp-content\/uploads\/2024\/02\/Foto-3-Scandinavian-Style-Wood-18x12.webp 18w\" sizes=\"(max-width: 1024px) 100vw, 1024px\" \/><\/figure>\n\n\n\n<figure class=\"wp-block-image size-full\"><img loading=\"lazy\" decoding=\"async\" width=\"894\" height=\"894\" src=\"http:\/\/altabaldai.lt\/wp-content\/uploads\/2024\/02\/Foto-4-bedroom-made-of-solid-wood-and-textiles.jpg\" alt=\"\" class=\"wp-image-1256\" srcset=\"https:\/\/altabaldai.lt\/wp-content\/uploads\/2024\/02\/Foto-4-bedroom-made-of-solid-wood-and-textiles.jpg 894w, https:\/\/altabaldai.lt\/wp-content\/uploads\/2024\/02\/Foto-4-bedroom-made-of-solid-wood-and-textiles-300x300.jpg 300w, https:\/\/altabaldai.lt\/wp-content\/uploads\/2024\/02\/Foto-4-bedroom-made-of-solid-wood-and-textiles-100x100.jpg 100w, https:\/\/altabaldai.lt\/wp-content\/uploads\/2024\/02\/Foto-4-bedroom-made-of-solid-wood-and-textiles-600x600.jpg 600w, https:\/\/altabaldai.lt\/wp-content\/uploads\/2024\/02\/Foto-4-bedroom-made-of-solid-wood-and-textiles-150x150.jpg 150w, https:\/\/altabaldai.lt\/wp-content\/uploads\/2024\/02\/Foto-4-bedroom-made-of-solid-wood-and-textiles-768x768.jpg 768w, https:\/\/altabaldai.lt\/wp-content\/uploads\/2024\/02\/Foto-4-bedroom-made-of-solid-wood-and-textiles-12x12.jpg 12w, https:\/\/altabaldai.lt\/wp-content\/uploads\/2024\/02\/Foto-4-bedroom-made-of-solid-wood-and-textiles-50x50.jpg 50w\" sizes=\"(max-width: 894px) 100vw, 894px\" \/><\/figure>\n\n\n\n<p>Po\u0142\u0105czenie mebli z litego drewna z tkaninami to klasyczne i przytulne po\u0142\u0105czenie, kt\u00f3re nadaje wn\u0119trzu ciep\u0142a, komfortu i stylu. Elementy tekstylne mo\u017cna wykorzysta\u0107 do dodania koloru, mi\u0119kko\u015bci i tekstury do salonu, a tak\u017ce do stworzenia akcent\u00f3w i poprawy og\u00f3lnego wra\u017cenia wizualnego.<\/p>\n\n\n\n<p>Na przyk\u0142ad, <strong>sof\u0119 lub krzes\u0142a z naturalnego drewna<\/strong> mo\u017cna \u0142atwo uzupe\u0142ni\u0107 mi\u0119kkimi poduszkami i tekstylnymi narzutami, kt\u00f3re zapewni\u0105 meblom dodatkowy komfort. A po\u0142\u0105czenie&nbsp; <strong>mebli z litego drewna<\/strong> z materia\u0142ami takimi jak bawe\u0142na lub jedwab doda pomieszczeniu wizualnego ciep\u0142a i delikatno\u015bci.<\/p>\n\n\n\n<figure class=\"wp-block-image size-full\"><img loading=\"lazy\" decoding=\"async\" width=\"845\" height=\"600\" src=\"http:\/\/altabaldai.lt\/wp-content\/uploads\/2024\/02\/Foto-5-furniture-collection.webp\" alt=\"\" class=\"wp-image-1257\" srcset=\"https:\/\/altabaldai.lt\/wp-content\/uploads\/2024\/02\/Foto-5-furniture-collection.webp 845w, https:\/\/altabaldai.lt\/wp-content\/uploads\/2024\/02\/Foto-5-furniture-collection-600x426.webp 600w, https:\/\/altabaldai.lt\/wp-content\/uploads\/2024\/02\/Foto-5-furniture-collection-300x213.webp 300w, https:\/\/altabaldai.lt\/wp-content\/uploads\/2024\/02\/Foto-5-furniture-collection-768x545.webp 768w, https:\/\/altabaldai.lt\/wp-content\/uploads\/2024\/02\/Foto-5-furniture-collection-18x12.webp 18w\" sizes=\"(max-width: 845px) 100vw, 845px\" \/><\/figure>\n\n\n\n<p>Po\u0142\u0105czenie mebli z drewna i sk\u00f3ry jest r\u00f3wnie\u017c klasyczn\u0105 i eleganck\u0105 opcj\u0105 aran\u017cacji wn\u0119trz. Drewno dodaje pomieszczeniu ciep\u0142a i naturalno\u015bci, a sk\u00f3ra dodaje wyrafinowania i luksusu. Takie elementy mebli doskonale si\u0119 uzupe\u0142niaj\u0105, tworz\u0105c eleganckie i stylowe wn\u0119trze.<\/p>\n\n\n\n<p>Tak wi\u0119c <strong>st\u00f3\u0142 z litego drewna<\/strong> ze sk\u00f3rzanymi krzes\u0142ami mo\u017ce nada\u0107 pomieszczeniu wyrafinowany wygl\u0105d, <strong>sk\u00f3rzana sofa<\/strong> z drewnianymi pod\u0142okietnikami b\u0119dzie wygl\u0105da\u0107 elegancko i stylowo w salonie, a <strong>krzes\u0142o z mi\u0119kkiej sk\u00f3ry<\/strong> na drewnianej ramie doda przytulno\u015bci i komfortu wn\u0119trzu sypialni lub gabinetu.<\/p>\n\n\n\n<p>Ponadto po\u0142\u0105czenie drewna i sk\u00f3ry w meblach zawsze podkre\u015bla wysok\u0105 jako\u015b\u0107 i niezawodno\u015b\u0107 produktu. Takie meble s\u0105 trwa\u0142e i d\u0142ugowieczne, zachowuj\u0105c sw\u00f3j styl i pi\u0119kno przez d\u0142ugi czas.<\/p>\n\n\n\n<p>Pami\u0119taj, aby stworzy\u0107 przytuln\u0105 i stylow\u0105 przestrze\u0144, przy wyborze mebli wa\u017cne jest przestrzeganie zasad r\u00f3wnowagi i harmonii, ale nie b\u00f3j si\u0119 eksperymentowa\u0107 i tworzy\u0107 unikalnych i interesuj\u0105cych kombinacji.<\/p>\n<\/div><\/div>\n\n\n\n<hr class=\"wp-block-separator has-alpha-channel-opacity is-style-dots\"\/>\n\n\n\n<div style=\"height:100px\" aria-hidden=\"true\" class=\"wp-block-spacer\"><\/div>","protected":false},"excerpt":{"rendered":"<p>6 \u0441\u043e\u0432\u0435\u0442\u043e\u0432 \u043a\u0430\u043a \u043f\u0440\u0430\u0432\u0438\u043b\u044c\u043d\u043e \u043f\u043e\u0434\u043e\u0431\u0440\u0430\u0442\u044c \u0434\u0435\u0440\u0435\u0432\u044f\u043d\u043d\u0443\u044e \u043c\u0435\u0431\u0435\u043b\u044c \u043a \u0438\u043d\u0442\u0435\u0440\u044c\u0435\u0440\u0443 \u043f\u043e\u043c\u0435\u0449\u0435\u043d\u0438\u044f \u041d\u0430\u0442\u0443\u0440\u0430\u043b\u044c\u043d\u043e\u0435 \u0434\u0435\u0440\u0435\u0432\u043e \u0438\u0433\u0440\u0430\u0435\u0442 \u0432\u0430\u0436\u043d\u0443\u044e \u0440\u043e\u043b\u044c \u0432 \u0441\u043e\u0432\u0440\u0435\u043c\u0435\u043d\u043d\u043e\u043c \u0438\u043d\u0442\u0435\u0440\u044c\u0435\u0440\u0435. \u041e\u043d\u043e \u043f\u0440\u0438\u0434\u0430\u0435\u0442 \u043f\u0440\u043e\u0441\u0442\u0440\u0430\u043d\u0441\u0442\u0432\u0443 \u0442\u0435\u043f\u043b\u043e\u0442\u0443&nbsp; \u0438 \u0435\u0441\u0442\u0435\u0441\u0442\u0432\u0435\u043d\u043d\u043e\u0441\u0442\u044c. \u0414\u0435\u0440\u0435\u0432\u044f\u043d\u043d\u044b\u0435 \u0441\u0442\u043e\u043b\u044b, \u0441\u0442\u0443\u043b\u044c\u044f, \u043a\u0440\u043e\u0432\u0430\u0442\u0438, \u043a\u043e\u043c\u043e\u0434\u044b, \u0441\u0442\u0435\u043b\u043b\u0430\u0436\u0438 \u0438 \u0434\u0440\u0443\u0433\u0438\u0435 \u043f\u0440\u0435\u0434\u043c\u0435\u0442\u044b \u043c\u0435\u0431\u0435\u043b\u0438 \u0438\u0437 \u0434\u0435\u0440\u0435\u0432\u0430 \u043b\u0435\u0433\u043a\u043e \u0441\u043f\u043e\u0441\u043e\u0431\u043d\u044b \u0441\u0434\u0435\u043b\u0430\u0442\u044c \u0436\u0438\u043b\u043e\u0435 \u0438\u043b\u0438 \u043e\u0444\u0438\u0441\u043d\u043e\u0435 \u043f\u0440\u043e\u0441\u0442\u0440\u0430\u043d\u0441\u0442\u0432\u043e \u0443\u044e\u0442\u043d\u044b\u043c \u0438 \u0441\u0442\u0438\u043b\u044c\u043d\u044b\u043c, \u0441\u043e\u0437\u0434\u0430\u0442\u044c \u0430\u0442\u043c\u043e\u0441\u0444\u0435\u0440\u0443 \u0441\u043f\u043e\u043a\u043e\u0439\u0441\u0442\u0432\u0438\u044f \u0438 \u043a\u043e\u043c\u0444\u043e\u0440\u0442\u0430. \u041c\u0435\u0431\u0435\u043b\u044c \u0438\u0437 \u0434\u0435\u0440\u0435\u0432\u0430 \u0438\u043c\u0435\u0435\u0442 [&hellip;]<\/p>","protected":false},"author":1,"featured_media":0,"parent":0,"menu_order":0,"comment_status":"closed","ping_status":"closed","template":"","meta":{"footnotes":""},"_links":{"self":[{"href":"https:\/\/altabaldai.lt\/pl\/wp-json\/wp\/v2\/pages\/1179"}],"collection":[{"href":"https:\/\/altabaldai.lt\/pl\/wp-json\/wp\/v2\/pages"}],"about":[{"href":"https:\/\/altabaldai.lt\/pl\/wp-json\/wp\/v2\/types\/page"}],"author":[{"embeddable":true,"href":"https:\/\/altabaldai.lt\/pl\/wp-json\/wp\/v2\/users\/1"}],"replies":[{"embeddable":true,"href":"https:\/\/altabaldai.lt\/pl\/wp-json\/wp\/v2\/comments?post=1179"}],"version-history":[{"count":16,"href":"https:\/\/altabaldai.lt\/pl\/wp-json\/wp\/v2\/pages\/1179\/revisions"}],"predecessor-version":[{"id":3289,"href":"https:\/\/altabaldai.lt\/pl\/wp-json\/wp\/v2\/pages\/1179\/revisions\/3289"}],"wp:attachment":[{"href":"https:\/\/altabaldai.lt\/pl\/wp-json\/wp\/v2\/media?parent=1179"}],"curies":[{"name":"wp","href":"https:\/\/api.w.org\/{rel}","templated":true}]}}