{"id":107,"date":"2024-01-09T20:58:10","date_gmt":"2024-01-09T17:58:10","guid":{"rendered":"https:\/\/altabaldai.lt\/?page_id=107"},"modified":"2025-05-13T23:13:51","modified_gmt":"2025-05-13T20:13:51","slug":"apie-mus","status":"publish","type":"page","link":"https:\/\/altabaldai.lt\/pl\/apie-mus\/","title":{"rendered":"O nas"},"content":{"rendered":"<div class=\"wp-block-group cust1 vice is-layout-constrained wp-block-group-is-layout-constrained\"><div class=\"wp-block-group__inner-container\">\n<div class=\"wp-block-media-text has-media-on-the-right is-stacked-on-mobile is-vertically-aligned-top\"><div class=\"wp-block-media-text__content\">\n<p>ALTA baldai \u2013 oferuje stylowe i niezawodne meble z naturalnego d\u0119bu na Litwie. Wszystkie meble wykonane s\u0105 z litego d\u0119bu, sprawia to, \u017ce meble s\u0105 nie tylko statusowe ale i bardzo atrakcyjne. Nasze meble z drewna maj\u0105 szeroki wyb\u00f3r odcieni i rozwi\u0105za\u0144 projektowych, kt\u00f3re spe\u0142ni\u0105 najbardziej wyrafinowane wymagania.<\/p>\n\n\n\n<p>Mo\u017cesz by\u0107 pewien jako\u015bci produkt\u00f3w ALTA baldai, poniewa\u017c u\u017cywamy tylko wysokiej jako\u015bci materia\u0142\u00f3w i monitorujemy ka\u017cdy etap produkcji. Niezale\u017cnie od tego, czy jest to \u0142\u00f3\u017cko, szafa, rega\u0142, st\u00f3\u0142 czy krzes\u0142o z litego d\u0119bu \u2013 ka\u017cdy mebel doda wn\u0119trzu wyj\u0105tkowego uroku i przytulno\u015bci. Z nami stworzysz wyj\u0105tkow\u0105 przestrze\u0144, kt\u00f3ra b\u0119dzie odzwierciedla\u0107 tw\u00f3j gust i styl.<\/p>\n\n\n\n<p>Wreszcie, wszystkie meble w rozs\u0105dnych cenach, na kt\u00f3re Ci\u0119 sta\u0107.<\/p>\n<\/div><figure class=\"wp-block-media-text__media\"><img loading=\"lazy\" decoding=\"async\" width=\"2000\" height=\"2000\" src=\"http:\/\/altabaldai.lt\/wp-content\/uploads\/2024\/01\/stellazh-grapwood-3-2-2-1.jpg\" alt=\"\" class=\"wp-image-552 size-full\" srcset=\"https:\/\/altabaldai.lt\/wp-content\/uploads\/2024\/01\/stellazh-grapwood-3-2-2-1.jpg 2000w, https:\/\/altabaldai.lt\/wp-content\/uploads\/2024\/01\/stellazh-grapwood-3-2-2-1-300x300.jpg 300w, https:\/\/altabaldai.lt\/wp-content\/uploads\/2024\/01\/stellazh-grapwood-3-2-2-1-100x100.jpg 100w, https:\/\/altabaldai.lt\/wp-content\/uploads\/2024\/01\/stellazh-grapwood-3-2-2-1-600x600.jpg 600w\" sizes=\"(max-width: 2000px) 100vw, 2000px\" \/><\/figure><\/div>\n<\/div><\/div>\n\n\n\n<figure class=\"wp-block-pullquote cust1 has-border-color has-white-background-color has-background\" style=\"border-color:#dd9933;border-width:2px;border-radius:0px;font-size:15px\"><blockquote><p>Nie zwlekaj z pragnieniem odnowienia wn\u0119trza \u2014 kup meble z naturalnego d\u0119bu w ALTA baldai i ciesz si\u0119 pi\u0119knem i komfortem wn\u0119trza ka\u017cdego dnia!<\/p><\/blockquote><\/figure>","protected":false},"excerpt":{"rendered":"<p>ALTA baldai &#8211; \u043f\u0440\u0435\u0434\u043b\u0430\u0433\u0430\u0435\u0442 \u0441\u0442\u0438\u043b\u044c\u043d\u0443\u044e \u0438 \u043d\u0430\u0434\u0435\u0436\u043d\u0443\u044e \u043c\u0435\u0431\u0435\u043b\u044c \u0438\u0437 \u043d\u0430\u0442\u0443\u0440\u0430\u043b\u044c\u043d\u043e\u0433\u043e \u0434\u0443\u0431\u0430 \u0432 \u041b\u0438\u0442\u0432\u0435. \u0412\u0441\u044f \u043c\u0435\u0431\u0435\u043b\u044c \u0438\u0437\u0433\u043e\u0442\u043e\u0432\u043b\u0435\u043d\u0430 \u0438\u0437 \u043c\u0430\u0441\u0441\u0438\u0432\u0430 \u0434\u0443\u0431\u0430, \u0447\u0442\u043e \u0434\u0435\u043b\u0430\u0435\u0442 \u0435\u0435 \u043d\u0435 \u0442\u043e\u043b\u044c\u043a\u043e \u0441\u0442\u0430\u0442\u0443\u0441\u043d\u043e\u0439 \u0438 \u043e\u0447\u0435\u043d\u044c \u043f\u0440\u0438\u0432\u043b\u0435\u043a\u0430\u0442\u0435\u043b\u044c\u043d\u043e\u0439. \u041d\u0430\u0448\u0430 \u043c\u0435\u0431\u0435\u043b\u044c \u0438\u0437 \u0434\u0435\u0440\u0435\u0432\u0430 \u0438\u043c\u0435\u0435\u0442 \u0448\u0438\u0440\u043e\u043a\u0438\u0439 \u0432\u044b\u0431\u043e\u0440 \u043e\u0442\u0442\u0435\u043d\u043a\u043e\u0432 \u0438 \u0434\u0438\u0437\u0430\u0439\u043d\u0435\u0440\u0441\u043a\u0438\u0445 \u0440\u0435\u0448\u0435\u043d\u0438\u0439, \u043a\u043e\u0442\u043e\u0440\u044b\u0435 \u0443\u0434\u043e\u0432\u043b\u0435\u0442\u0432\u043e\u0440\u044f\u0442 \u0441\u0430\u043c\u044b\u043c \u0438\u0437\u044b\u0441\u043a\u0430\u043d\u043d\u044b\u043c \u0442\u0440\u0435\u0431\u043e\u0432\u0430\u043d\u0438\u044f\u043c. \u0412\u044b \u043c\u043e\u0436\u0435\u0442\u0435 \u0431\u044b\u0442\u044c \u0443\u0432\u0435\u0440\u0435\u043d\u044b \u0432 \u043a\u0430\u0447\u0435\u0441\u0442\u0432\u0435 \u043f\u0440\u043e\u0434\u0443\u043a\u0446\u0438\u0438 ALTA baldai, \u0442\u0430\u043a \u043a\u0430\u043a [&hellip;]<\/p>","protected":false},"author":1,"featured_media":0,"parent":0,"menu_order":0,"comment_status":"closed","ping_status":"closed","template":"","meta":{"footnotes":""},"_links":{"self":[{"href":"https:\/\/altabaldai.lt\/pl\/wp-json\/wp\/v2\/pages\/107"}],"collection":[{"href":"https:\/\/altabaldai.lt\/pl\/wp-json\/wp\/v2\/pages"}],"about":[{"href":"https:\/\/altabaldai.lt\/pl\/wp-json\/wp\/v2\/types\/page"}],"author":[{"embeddable":true,"href":"https:\/\/altabaldai.lt\/pl\/wp-json\/wp\/v2\/users\/1"}],"replies":[{"embeddable":true,"href":"https:\/\/altabaldai.lt\/pl\/wp-json\/wp\/v2\/comments?post=107"}],"version-history":[{"count":23,"href":"https:\/\/altabaldai.lt\/pl\/wp-json\/wp\/v2\/pages\/107\/revisions"}],"predecessor-version":[{"id":3691,"href":"https:\/\/altabaldai.lt\/pl\/wp-json\/wp\/v2\/pages\/107\/revisions\/3691"}],"wp:attachment":[{"href":"https:\/\/altabaldai.lt\/pl\/wp-json\/wp\/v2\/media?parent=107"}],"curies":[{"name":"wp","href":"https:\/\/api.w.org\/{rel}","templated":true}]}}