{"id":861,"date":"2024-01-15T18:55:00","date_gmt":"2024-01-15T15:55:00","guid":{"rendered":"https:\/\/altabaldai.lt\/?post_type=product&#038;p=861"},"modified":"2025-11-30T23:02:32","modified_gmt":"2025-11-30T20:02:32","slug":"lova-deiva-140x200","status":"publish","type":"product","link":"https:\/\/altabaldai.lt\/lt\/produktas\/lova-deiva-140x200\/","title":{"rendered":"Lova DEIVA 140\u00d7200"},"content":{"rendered":"","protected":false},"excerpt":{"rendered":"<p>\u012e lovos kain\u0105 \u012fskai\u010diuota grind\u0173 danga (\u010diu\u017einio pagrindas)<\/p>\n<p>U\u017esakant \"Classic black\" bald\u0173 spalv\u0105: +20% prie reguliarios kainos<\/p>","protected":false},"featured_media":863,"comment_status":"open","ping_status":"closed","template":"","meta":[],"product_cat":[39],"product_tag":[],"_links":{"self":[{"href":"https:\/\/altabaldai.lt\/lt\/wp-json\/wp\/v2\/product\/861"}],"collection":[{"href":"https:\/\/altabaldai.lt\/lt\/wp-json\/wp\/v2\/product"}],"about":[{"href":"https:\/\/altabaldai.lt\/lt\/wp-json\/wp\/v2\/types\/product"}],"replies":[{"embeddable":true,"href":"https:\/\/altabaldai.lt\/lt\/wp-json\/wp\/v2\/comments?post=861"}],"wp:featuredmedia":[{"embeddable":true,"href":"https:\/\/altabaldai.lt\/lt\/wp-json\/wp\/v2\/media\/863"}],"wp:attachment":[{"href":"https:\/\/altabaldai.lt\/lt\/wp-json\/wp\/v2\/media?parent=861"}],"wp:term":[{"taxonomy":"product_cat","embeddable":true,"href":"https:\/\/altabaldai.lt\/lt\/wp-json\/wp\/v2\/product_cat?post=861"},{"taxonomy":"product_tag","embeddable":true,"href":"https:\/\/altabaldai.lt\/lt\/wp-json\/wp\/v2\/product_tag?post=861"}],"curies":[{"name":"wp","href":"https:\/\/api.w.org\/{rel}","templated":true}]}}