{"id":602,"date":"2024-01-15T18:50:00","date_gmt":"2024-01-15T15:50:00","guid":{"rendered":"https:\/\/altabaldai.lt\/?post_type=product&#038;p=602"},"modified":"2025-12-01T12:48:13","modified_gmt":"2025-12-01T09:48:13","slug":"kede-cressa-gold-juoda-oda","status":"publish","type":"product","link":"https:\/\/altabaldai.lt\/lt\/produktas\/kede-cressa-gold-juoda-oda\/","title":{"rendered":"K\u0117d\u0117 CRESSA (Gold), juoda oda"},"content":{"rendered":"","protected":false},"excerpt":{"rendered":"<p>S\u0117dimoji dalis: audinys\/oda<\/p>","protected":false},"featured_media":931,"comment_status":"open","ping_status":"closed","template":"","meta":[],"product_cat":[16],"product_tag":[],"_links":{"self":[{"href":"https:\/\/altabaldai.lt\/lt\/wp-json\/wp\/v2\/product\/602"}],"collection":[{"href":"https:\/\/altabaldai.lt\/lt\/wp-json\/wp\/v2\/product"}],"about":[{"href":"https:\/\/altabaldai.lt\/lt\/wp-json\/wp\/v2\/types\/product"}],"replies":[{"embeddable":true,"href":"https:\/\/altabaldai.lt\/lt\/wp-json\/wp\/v2\/comments?post=602"}],"wp:featuredmedia":[{"embeddable":true,"href":"https:\/\/altabaldai.lt\/lt\/wp-json\/wp\/v2\/media\/931"}],"wp:attachment":[{"href":"https:\/\/altabaldai.lt\/lt\/wp-json\/wp\/v2\/media?parent=602"}],"wp:term":[{"taxonomy":"product_cat","embeddable":true,"href":"https:\/\/altabaldai.lt\/lt\/wp-json\/wp\/v2\/product_cat?post=602"},{"taxonomy":"product_tag","embeddable":true,"href":"https:\/\/altabaldai.lt\/lt\/wp-json\/wp\/v2\/product_tag?post=602"}],"curies":[{"name":"wp","href":"https:\/\/api.w.org\/{rel}","templated":true}]}}