{"id":4109,"date":"2026-01-11T20:27:51","date_gmt":"2026-01-11T17:27:51","guid":{"rendered":"https:\/\/altabaldai.lt\/?post_type=product&#038;p=4109"},"modified":"2026-04-08T12:41:56","modified_gmt":"2026-04-08T09:41:56","slug":"palermo","status":"publish","type":"product","link":"https:\/\/altabaldai.lt\/lt\/produktas\/palermo\/","title":{"rendered":"Stalas transformeris PALERMO"},"content":{"rendered":"","protected":false},"excerpt":{"rendered":"<p><strong>Stalai PALERMO<\/strong><\/br><\/br><\/p>\n<p>Vienas geriausi\u0173 rinkoje esan\u010di\u0173 moderni\u0173 svetain\u0117s stal\u0173 modeli\u0173. D\u0117l dviej\u0173 \u012fd\u0117kl\u0173 ir auk\u0161tos kokyb\u0117s sinchronini\u0173 kreipian\u010di\u0173j\u0173 j\u012f galima lengvai transformuoti \u012f pilno dyd\u017eio 160 arba 200 centimetr\u0173 stal\u0105. Pak\u0117limo mechanizmas leid\u017eia greitai ir patogiai reguliuoti norim\u0105 auk\u0161t\u012f. Tvirta koj\u0173 konstrukcija u\u017etikrina 100 % stabilum\u0105 net ir visi\u0161kai i\u0161tiesus bei pak\u0117lus stal\u0105.<\/br><\/br><\/p>\n<p>Svetain\u0117s stalas pagamintas i\u0161 auk\u0161tos kokyb\u0117s matin\u0117s med\u017eio dro\u017eli\u0173 plok\u0161t\u0117s, laminuotos i\u0161 abiej\u0173 pusi\u0173, 18 ir 28 mm storio, apdailintos 1 mm ABS kra\u0161tais. Stalvir\u0161is papildomai pastorintas iki 36 mm.<\/br><\/br><\/p>\n<p>Prailginimo plok\u0161t\u0117 laikoma specialioje d\u0117\u017e\u0117je po stalvir\u0161iu, tod\u0117l j\u0105 lengva pasiekti ir nereikia ie\u0161koti papildomos vietos laikymui.<\/p>","protected":false},"featured_media":4279,"comment_status":"open","ping_status":"closed","template":"","meta":[],"product_cat":[17,253],"product_tag":[],"_links":{"self":[{"href":"https:\/\/altabaldai.lt\/lt\/wp-json\/wp\/v2\/product\/4109"}],"collection":[{"href":"https:\/\/altabaldai.lt\/lt\/wp-json\/wp\/v2\/product"}],"about":[{"href":"https:\/\/altabaldai.lt\/lt\/wp-json\/wp\/v2\/types\/product"}],"replies":[{"embeddable":true,"href":"https:\/\/altabaldai.lt\/lt\/wp-json\/wp\/v2\/comments?post=4109"}],"wp:featuredmedia":[{"embeddable":true,"href":"https:\/\/altabaldai.lt\/lt\/wp-json\/wp\/v2\/media\/4279"}],"wp:attachment":[{"href":"https:\/\/altabaldai.lt\/lt\/wp-json\/wp\/v2\/media?parent=4109"}],"wp:term":[{"taxonomy":"product_cat","embeddable":true,"href":"https:\/\/altabaldai.lt\/lt\/wp-json\/wp\/v2\/product_cat?post=4109"},{"taxonomy":"product_tag","embeddable":true,"href":"https:\/\/altabaldai.lt\/lt\/wp-json\/wp\/v2\/product_tag?post=4109"}],"curies":[{"name":"wp","href":"https:\/\/api.w.org\/{rel}","templated":true}]}}