{"id":4092,"date":"2026-01-11T20:04:02","date_gmt":"2026-01-11T17:04:02","guid":{"rendered":"https:\/\/altabaldai.lt\/?post_type=product&#038;p=4092"},"modified":"2026-04-08T12:42:34","modified_gmt":"2026-04-08T09:42:34","slug":"loreto","status":"publish","type":"product","link":"https:\/\/altabaldai.lt\/lt\/produktas\/loreto\/","title":{"rendered":"Stalas transformeris LORETO"},"content":{"rendered":"","protected":false},"excerpt":{"rendered":"<p><strong>Stalas LORETO<\/strong><\/br><\/br><\/p>\n<p>Tai puikus baldas tiems, kurie vertina modern\u0173 dizain\u0105. D\u0117l dviej\u0173 30 cm plo\u010dio \u012fd\u0117kl\u0173, jo stalvir\u0161\u012f galima prailginti iki 150 arba 180 cm, tod\u0117l jis idealiai tinka bet kokiam \u0161eimos susib\u016brimui ar draug\u0173 susib\u016brimui.<\/br><\/br><\/p>\n<p>Stalas pagamintas i\u0161 auk\u0161tos kokyb\u0117s 18 mm storio matin\u0117s med\u017eio dro\u017eli\u0173 plok\u0161t\u0117s, laminuotos i\u0161 abiej\u0173 pusi\u0173, su 1 mm storio ABS kra\u0161tu. Stalvir\u0161is ir pagrindas papildomai pastorinti iki 36 mm.<\/br><\/br><\/p>\n<p>Prailginimo plok\u0161t\u0117 laikoma specialioje d\u0117\u017e\u0117je po stalvir\u0161iu, tod\u0117l j\u0105 lengva pasiekti ir nereikia ie\u0161koti papildomos vietos laikymui.<\/p>","protected":false},"featured_media":4295,"comment_status":"open","ping_status":"closed","template":"","meta":[],"product_cat":[17,253],"product_tag":[],"_links":{"self":[{"href":"https:\/\/altabaldai.lt\/lt\/wp-json\/wp\/v2\/product\/4092"}],"collection":[{"href":"https:\/\/altabaldai.lt\/lt\/wp-json\/wp\/v2\/product"}],"about":[{"href":"https:\/\/altabaldai.lt\/lt\/wp-json\/wp\/v2\/types\/product"}],"replies":[{"embeddable":true,"href":"https:\/\/altabaldai.lt\/lt\/wp-json\/wp\/v2\/comments?post=4092"}],"wp:featuredmedia":[{"embeddable":true,"href":"https:\/\/altabaldai.lt\/lt\/wp-json\/wp\/v2\/media\/4295"}],"wp:attachment":[{"href":"https:\/\/altabaldai.lt\/lt\/wp-json\/wp\/v2\/media?parent=4092"}],"wp:term":[{"taxonomy":"product_cat","embeddable":true,"href":"https:\/\/altabaldai.lt\/lt\/wp-json\/wp\/v2\/product_cat?post=4092"},{"taxonomy":"product_tag","embeddable":true,"href":"https:\/\/altabaldai.lt\/lt\/wp-json\/wp\/v2\/product_tag?post=4092"}],"curies":[{"name":"wp","href":"https:\/\/api.w.org\/{rel}","templated":true}]}}