{"id":3790,"date":"2025-02-20T21:36:00","date_gmt":"2025-02-20T18:36:00","guid":{"rendered":"https:\/\/altabaldai.lt\/?post_type=product&#038;p=3790"},"modified":"2026-03-10T15:21:01","modified_gmt":"2026-03-10T12:21:01","slug":"kede-linda","status":"publish","type":"product","link":"https:\/\/altabaldai.lt\/lt\/produktas\/kede-linda\/","title":{"rendered":"K\u0117d\u0117 LINDA"},"content":{"rendered":"","protected":false},"excerpt":{"rendered":"<p>K\u0117d\u0117s su pamink\u0161tinimu i\u0161 audinio: <span>355<\/span><span class=\"woocommerce-Price-amount amount\"> <span class=\"woocommerce-Price-currencySymbol\">\u20ac<\/span><\/span><\/p>\n<p>K\u0117d\u0117s i\u0161 nat\u016bralios odos: <span>390<\/span><span class=\"woocommerce-Price-amount amount\"> <span class=\"woocommerce-Price-currencySymbol\">\u20ac<\/span><\/span><\/p>\n<p><span class=\"ConvoMessageWithoutBubble__text\"><span class=\"MessageText\">U\u017esakant \"Classic black\" bald\u0173 spalv\u0105: +20% prie reguliarios kainos<\/span><\/span><\/p>","protected":false},"featured_media":4220,"comment_status":"open","ping_status":"closed","template":"","meta":[],"product_cat":[16,253],"product_tag":[],"_links":{"self":[{"href":"https:\/\/altabaldai.lt\/lt\/wp-json\/wp\/v2\/product\/3790"}],"collection":[{"href":"https:\/\/altabaldai.lt\/lt\/wp-json\/wp\/v2\/product"}],"about":[{"href":"https:\/\/altabaldai.lt\/lt\/wp-json\/wp\/v2\/types\/product"}],"replies":[{"embeddable":true,"href":"https:\/\/altabaldai.lt\/lt\/wp-json\/wp\/v2\/comments?post=3790"}],"wp:featuredmedia":[{"embeddable":true,"href":"https:\/\/altabaldai.lt\/lt\/wp-json\/wp\/v2\/media\/4220"}],"wp:attachment":[{"href":"https:\/\/altabaldai.lt\/lt\/wp-json\/wp\/v2\/media?parent=3790"}],"wp:term":[{"taxonomy":"product_cat","embeddable":true,"href":"https:\/\/altabaldai.lt\/lt\/wp-json\/wp\/v2\/product_cat?post=3790"},{"taxonomy":"product_tag","embeddable":true,"href":"https:\/\/altabaldai.lt\/lt\/wp-json\/wp\/v2\/product_tag?post=3790"}],"curies":[{"name":"wp","href":"https:\/\/api.w.org\/{rel}","templated":true}]}}