{"id":1840,"date":"2024-04-30T15:20:00","date_gmt":"2024-04-30T12:20:00","guid":{"rendered":"https:\/\/altabaldai.lt\/?post_type=product&#038;p=1840"},"modified":"2025-11-30T22:00:37","modified_gmt":"2025-11-30T19:00:37","slug":"stalas-falcone-apvalus-isskleidziamas","status":"publish","type":"product","link":"https:\/\/altabaldai.lt\/lt\/produktas\/stalas-falcone-apvalus-isskleidziamas\/","title":{"rendered":"Stalas FALCONE apvalus i\u0161skleid\u017eiamas"},"content":{"rendered":"","protected":false},"excerpt":{"rendered":"<p>U\u017esakant \"Classic black\" bald\u0173 spalv\u0105: +20% prie reguliarios kainos<\/p>","protected":false},"featured_media":1842,"comment_status":"open","ping_status":"closed","template":"","meta":[],"product_cat":[17],"product_tag":[],"_links":{"self":[{"href":"https:\/\/altabaldai.lt\/lt\/wp-json\/wp\/v2\/product\/1840"}],"collection":[{"href":"https:\/\/altabaldai.lt\/lt\/wp-json\/wp\/v2\/product"}],"about":[{"href":"https:\/\/altabaldai.lt\/lt\/wp-json\/wp\/v2\/types\/product"}],"replies":[{"embeddable":true,"href":"https:\/\/altabaldai.lt\/lt\/wp-json\/wp\/v2\/comments?post=1840"}],"wp:featuredmedia":[{"embeddable":true,"href":"https:\/\/altabaldai.lt\/lt\/wp-json\/wp\/v2\/media\/1842"}],"wp:attachment":[{"href":"https:\/\/altabaldai.lt\/lt\/wp-json\/wp\/v2\/media?parent=1840"}],"wp:term":[{"taxonomy":"product_cat","embeddable":true,"href":"https:\/\/altabaldai.lt\/lt\/wp-json\/wp\/v2\/product_cat?post=1840"},{"taxonomy":"product_tag","embeddable":true,"href":"https:\/\/altabaldai.lt\/lt\/wp-json\/wp\/v2\/product_tag?post=1840"}],"curies":[{"name":"wp","href":"https:\/\/api.w.org\/{rel}","templated":true}]}}