{"id":1811,"date":"2024-04-29T19:05:00","date_gmt":"2024-04-29T16:05:00","guid":{"rendered":"https:\/\/altabaldai.lt\/?post_type=product&#038;p=1811"},"modified":"2026-02-03T22:00:32","modified_gmt":"2026-02-03T19:00:32","slug":"baro-kede-mia-light","status":"publish","type":"product","link":"https:\/\/altabaldai.lt\/lt\/produktas\/baro-kede-mia-light\/","title":{"rendered":"Baro k\u0117d\u0117 MIA LIGHT"},"content":{"rendered":"","protected":false},"excerpt":{"rendered":"<p>S\u0117dimoji dalis: audinys\/oda<\/p>\n<p>U\u017esakant \"Classic black\" bald\u0173 spalv\u0105: +20% prie reguliarios kainos<\/p>","protected":false},"featured_media":1812,"comment_status":"open","ping_status":"closed","template":"","meta":[],"product_cat":[16],"product_tag":[],"_links":{"self":[{"href":"https:\/\/altabaldai.lt\/lt\/wp-json\/wp\/v2\/product\/1811"}],"collection":[{"href":"https:\/\/altabaldai.lt\/lt\/wp-json\/wp\/v2\/product"}],"about":[{"href":"https:\/\/altabaldai.lt\/lt\/wp-json\/wp\/v2\/types\/product"}],"replies":[{"embeddable":true,"href":"https:\/\/altabaldai.lt\/lt\/wp-json\/wp\/v2\/comments?post=1811"}],"wp:featuredmedia":[{"embeddable":true,"href":"https:\/\/altabaldai.lt\/lt\/wp-json\/wp\/v2\/media\/1812"}],"wp:attachment":[{"href":"https:\/\/altabaldai.lt\/lt\/wp-json\/wp\/v2\/media?parent=1811"}],"wp:term":[{"taxonomy":"product_cat","embeddable":true,"href":"https:\/\/altabaldai.lt\/lt\/wp-json\/wp\/v2\/product_cat?post=1811"},{"taxonomy":"product_tag","embeddable":true,"href":"https:\/\/altabaldai.lt\/lt\/wp-json\/wp\/v2\/product_tag?post=1811"}],"curies":[{"name":"wp","href":"https:\/\/api.w.org\/{rel}","templated":true}]}}