{"id":1796,"date":"2024-04-29T12:15:00","date_gmt":"2024-04-29T09:15:00","guid":{"rendered":"https:\/\/altabaldai.lt\/?post_type=product&#038;p=1796"},"modified":"2025-11-30T22:08:31","modified_gmt":"2025-11-30T19:08:31","slug":"dvigubas-kede-adelfia","status":"publish","type":"product","link":"https:\/\/altabaldai.lt\/lt\/produktas\/dvigubas-kede-adelfia\/","title":{"rendered":"Dvigubas k\u0117d\u0117 ADELFIA"},"content":{"rendered":"","protected":false},"excerpt":{"rendered":"<p>K\u0117d\u0117s su medine s\u0117dyne: <span>960<\/span><span class=\"woocommerce-Price-amount amount\"> <span class=\"woocommerce-Price-currencySymbol\">\u20ac<\/span><\/span><\/p>\n<p>K\u0117d\u0117s su pamink\u0161tinimu i\u0161 audinio: <span>1175<\/span><span class=\"woocommerce-Price-amount amount\"> <span class=\"woocommerce-Price-currencySymbol\">\u20ac<\/span><\/span><\/p>\n<p><span class=\"ConvoMessageWithoutBubble__text\"><span class=\"MessageText\">U\u017esakant \"Classic black\" bald\u0173 spalv\u0105: +20% prie reguliarios kainos<\/span><\/span><\/p>","protected":false},"featured_media":1797,"comment_status":"open","ping_status":"closed","template":"","meta":[],"product_cat":[51],"product_tag":[],"_links":{"self":[{"href":"https:\/\/altabaldai.lt\/lt\/wp-json\/wp\/v2\/product\/1796"}],"collection":[{"href":"https:\/\/altabaldai.lt\/lt\/wp-json\/wp\/v2\/product"}],"about":[{"href":"https:\/\/altabaldai.lt\/lt\/wp-json\/wp\/v2\/types\/product"}],"replies":[{"embeddable":true,"href":"https:\/\/altabaldai.lt\/lt\/wp-json\/wp\/v2\/comments?post=1796"}],"wp:featuredmedia":[{"embeddable":true,"href":"https:\/\/altabaldai.lt\/lt\/wp-json\/wp\/v2\/media\/1797"}],"wp:attachment":[{"href":"https:\/\/altabaldai.lt\/lt\/wp-json\/wp\/v2\/media?parent=1796"}],"wp:term":[{"taxonomy":"product_cat","embeddable":true,"href":"https:\/\/altabaldai.lt\/lt\/wp-json\/wp\/v2\/product_cat?post=1796"},{"taxonomy":"product_tag","embeddable":true,"href":"https:\/\/altabaldai.lt\/lt\/wp-json\/wp\/v2\/product_tag?post=1796"}],"curies":[{"name":"wp","href":"https:\/\/api.w.org\/{rel}","templated":true}]}}