{"id":1772,"date":"2024-04-28T17:59:00","date_gmt":"2024-04-28T14:59:00","guid":{"rendered":"https:\/\/altabaldai.lt\/?post_type=product&#038;p=1772"},"modified":"2026-02-03T22:03:13","modified_gmt":"2026-02-03T19:03:13","slug":"kede-mia-lounge","status":"publish","type":"product","link":"https:\/\/altabaldai.lt\/lt\/produktas\/kede-mia-lounge\/","title":{"rendered":"K\u0117d\u0117 MIA LOUNGE"},"content":{"rendered":"","protected":false},"excerpt":{"rendered":"<p>S\u0117dimoji dalis: audinys\/oda<\/p>\n<p>U\u017esakant \"Classic black\" bald\u0173 spalv\u0105: +20% prie reguliarios kainos<\/p>","protected":false},"featured_media":1773,"comment_status":"open","ping_status":"closed","template":"","meta":[],"product_cat":[16],"product_tag":[],"_links":{"self":[{"href":"https:\/\/altabaldai.lt\/lt\/wp-json\/wp\/v2\/product\/1772"}],"collection":[{"href":"https:\/\/altabaldai.lt\/lt\/wp-json\/wp\/v2\/product"}],"about":[{"href":"https:\/\/altabaldai.lt\/lt\/wp-json\/wp\/v2\/types\/product"}],"replies":[{"embeddable":true,"href":"https:\/\/altabaldai.lt\/lt\/wp-json\/wp\/v2\/comments?post=1772"}],"wp:featuredmedia":[{"embeddable":true,"href":"https:\/\/altabaldai.lt\/lt\/wp-json\/wp\/v2\/media\/1773"}],"wp:attachment":[{"href":"https:\/\/altabaldai.lt\/lt\/wp-json\/wp\/v2\/media?parent=1772"}],"wp:term":[{"taxonomy":"product_cat","embeddable":true,"href":"https:\/\/altabaldai.lt\/lt\/wp-json\/wp\/v2\/product_cat?post=1772"},{"taxonomy":"product_tag","embeddable":true,"href":"https:\/\/altabaldai.lt\/lt\/wp-json\/wp\/v2\/product_tag?post=1772"}],"curies":[{"name":"wp","href":"https:\/\/api.w.org\/{rel}","templated":true}]}}