{"id":119,"date":"2024-01-09T21:14:01","date_gmt":"2024-01-09T18:14:01","guid":{"rendered":"https:\/\/altabaldai.lt\/?page_id=119"},"modified":"2025-05-14T12:31:37","modified_gmt":"2025-05-14T09:31:37","slug":"garantija","status":"publish","type":"page","link":"https:\/\/altabaldai.lt\/lt\/garantija\/","title":{"rendered":"Garantija"},"content":{"rendered":"<div class=\"wp-block-group cust1 warr is-layout-constrained wp-block-group-is-layout-constrained\"><div class=\"wp-block-group__inner-container\">\n<p>Visiems darbams ir med\u017eiagoms suteikiama garantija, o nekokybi\u0161ki gaminiai pakei\u010diami nemokamai. Baldams suteikiama 12 m\u0117nesi\u0173 garantija. Jei garantiniu laikotarpiu i\u0161kyla problem\u0173 d\u0117l gamybos defekt\u0173, susisiekite su mumis svetain\u0117je nurodytu el. Galioja garantiniai \u012fsipareigojimai:<\/p>\n\n\n\n<ul>\n<li>d\u0117l gamybos broko;<\/li>\n\n\n\n<li>d\u0117l deformacij\u0173 ir pa\u017eeidim\u0173, nesusijusi\u0173 su netinkamu naudojimu;<\/li>\n\n\n\n<li>d\u0117l gamybos broko, atsiradusio eksploatacijos metu.<\/li>\n<\/ul>\n\n\n\n<p>Garantija netaikoma defektams, atsiradusiems d\u0117l:<\/p>\n\n\n\n<ul>\n<li>jeigu Pardav\u0117jas nurod\u0117 parduodamos prek\u0117s tr\u016bkumus;<\/li>\n\n\n\n<li>kai aptinkami neleistini gaminio dizaino pakeitimai;<\/li>\n\n\n\n<li>jei gaminyje yra apgadinimo po\u017eymi\u0173 arba buvo bandoma j\u0105 pataisyti patiems;<\/li>\n\n\n\n<li>jei gaminys buvo naudojamas kitiems tikslams arba s\u0105lygomis, kurioms jis nebuvo skirtas;<\/li>\n\n\n\n<li>jeigu prek\u0117 turi mechanini\u0173 pa\u017eeidim\u0173 (vidini\u0173 ar i\u0161orini\u0173), atsiradusi\u0173 d\u0117l netinkamo laikymo, eksploatavimo, transportavimo ar montavimo;<\/li>\n\n\n\n<li>prek\u0117s sugadinimas d\u0117l stichin\u0117s nelaim\u0117s, gaisro ar buitini\u0173 veiksni\u0173;<\/li>\n\n\n\n<li>kai aptinkami dali\u0173 \u012ftr\u016bkimai ir patinimas d\u0117l eksploatavimo s\u0105lyg\u0173 pa\u017eeidimo (tiesioginis s\u0105lytis su vandeniu arba eksploatavimas patalpose, kuriose yra ma\u017eai arba daug dr\u0117gm\u0117s).<\/li>\n<\/ul>\n\n\n\n<p>Preki\u0173 pri\u0117mimas pagal kiek\u012f, kokyb\u0119 (d\u0117l matom\u0173 defekt\u0173) ir asortimento vykdomas preki\u0173 perdavimo Pirk\u0117jui momentu. Po to Pirk\u0117jas neturi teis\u0117s reik\u0161ti pretenzij\u0173 d\u0117l kiekio ir asortimento, i\u0161skyrus \u012fstatym\u0173 numatytus atvejus. Auk\u0161\u010diau nurodyt\u0173 \u012fsipareigojim\u0173 garantinis laikotarpis skai\u010diuojamas nuo preki\u0173 pristatymo Pirk\u0117jui dienos. Garantija negalioja, jei defektus Pirk\u0117jas nustato ir apie juos prane\u0161a pasibaigus garantiniam laikotarpiui. Gin\u010d\u0173 atveju tiek Pirk\u0117jas, tiek Pardav\u0117jas turi teis\u0119 atlikti nepriklausom\u0105 ekspertiz\u0119. Siekiant i\u0161vengti defekt\u0173 montuojant med\u017eio masyvo baldus rudens-\u017eiemos laikotarpiu, darbus rekomenduojama atlikti ne anks\u010diau kaip 3 dien\u0105 po j\u0173 pristatymo \u012f gyvenam\u0105j\u012f nam\u0105.<\/p>\n<\/div><\/div>\n\n\n\n<hr class=\"wp-block-separator has-alpha-channel-opacity is-style-dots\"\/>\n\n\n\n<div style=\"height:100px\" aria-hidden=\"true\" class=\"wp-block-spacer\"><\/div>","protected":false},"excerpt":{"rendered":"<p>\u0413\u0430\u0440\u0430\u043d\u0442\u0438\u044f \u0440\u0430\u0441\u043f\u0440\u043e\u0441\u0442\u0440\u0430\u043d\u044f\u0435\u0442\u0441\u044f \u043d\u0430 \u0432\u0441\u0435 \u0440\u0430\u0431\u043e\u0442\u044b \u0438 \u043c\u0430\u0442\u0435\u0440\u0438\u0430\u043b\u044b, \u0430 \u043b\u044e\u0431\u044b\u0435 \u0434\u0435\u0444\u0435\u043a\u0442\u043d\u044b\u0435 \u0438\u0437\u0434\u0435\u043b\u0438\u044f \u0431\u0443\u0434\u0443\u0442 \u0437\u0430\u043c\u0435\u043d\u0435\u043d\u044b \u0431\u0435\u0441\u043f\u043b\u0430\u0442\u043d\u043e. \u0413\u0430\u0440\u0430\u043d\u0442\u0438\u0439\u043d\u044b\u0439 \u0441\u0440\u043e\u043a \u043d\u0430 \u043c\u0435\u0431\u0435\u043b\u044c \u0441\u043e\u0441\u0442\u0430\u0432\u043b\u044f\u0435\u0442 12 \u043c\u0435\u0441\u044f\u0446\u0435\u0432. \u0415\u0441\u043b\u0438 \u0432 \u0442\u0435\u0447\u0435\u043d\u0438\u0435 \u0433\u0430\u0440\u0430\u043d\u0442\u0438\u0439\u043d\u043e\u0433\u043e \u0441\u0440\u043e\u043a\u0430 \u0432\u043e\u0437\u043d\u0438\u043a\u043d\u0435\u0442 \u0432\u043e\u043f\u0440\u043e\u0441, \u0441\u0432\u044f\u0437\u0430\u043d\u043d\u044b\u0439 \u0441 \u043f\u0440\u043e\u0438\u0437\u0432\u043e\u0434\u0441\u0442\u0432\u0435\u043d\u043d\u044b\u043c\u0438 \u0434\u0435\u0444\u0435\u043a\u0442\u0430\u043c\u0438, \u043f\u043e\u0436\u0430\u043b\u0443\u0439\u0441\u0442\u0430, \u0441\u0432\u044f\u0436\u0438\u0442\u0435\u0441\u044c \u0441 \u043d\u0430\u043c\u0438 \u043f\u043e \u044d\u043b\u0435\u043a\u0442\u0440\u043e\u043d\u043d\u043e\u0439 \u043f\u043e\u0447\u0442\u0435, \u0443\u043a\u0430\u0437\u0430\u043d\u043d\u043e\u0439 \u043d\u0430 \u0441\u0430\u0439\u0442\u0435. \u0413\u0430\u0440\u0430\u043d\u0442\u0438\u0439\u043d\u044b\u0435 \u043e\u0431\u044f\u0437\u0430\u0442\u0435\u043b\u044c\u0441\u0442\u0432\u0430 \u0440\u0430\u0441\u043f\u0440\u043e\u0441\u0442\u0440\u0430\u043d\u044f\u044e\u0442\u0441\u044f: \u0413\u0430\u0440\u0430\u043d\u0442\u0438\u0439\u043d\u044b\u0435 \u043e\u0431\u044f\u0437\u0430\u0442\u0435\u043b\u044c\u0441\u0442\u0432\u0430 \u043d\u0435 \u0440\u0430\u0441\u043f\u0440\u043e\u0441\u0442\u0440\u0430\u043d\u044f\u044e\u0442\u0441\u044f \u043d\u0430 \u0434\u0435\u0444\u0435\u043a\u0442\u044b, \u0432\u043e\u0437\u043d\u0438\u043a\u0448\u0438\u0435 \u0432 \u0440\u0435\u0437\u0443\u043b\u044c\u0442\u0430\u0442\u0435: \u041f\u0440\u0438\u0435\u043c\u043a\u0430 [&hellip;]<\/p>","protected":false},"author":1,"featured_media":0,"parent":0,"menu_order":0,"comment_status":"closed","ping_status":"closed","template":"","meta":{"footnotes":""},"_links":{"self":[{"href":"https:\/\/altabaldai.lt\/lt\/wp-json\/wp\/v2\/pages\/119"}],"collection":[{"href":"https:\/\/altabaldai.lt\/lt\/wp-json\/wp\/v2\/pages"}],"about":[{"href":"https:\/\/altabaldai.lt\/lt\/wp-json\/wp\/v2\/types\/page"}],"author":[{"embeddable":true,"href":"https:\/\/altabaldai.lt\/lt\/wp-json\/wp\/v2\/users\/1"}],"replies":[{"embeddable":true,"href":"https:\/\/altabaldai.lt\/lt\/wp-json\/wp\/v2\/comments?post=119"}],"version-history":[{"count":7,"href":"https:\/\/altabaldai.lt\/lt\/wp-json\/wp\/v2\/pages\/119\/revisions"}],"predecessor-version":[{"id":1214,"href":"https:\/\/altabaldai.lt\/lt\/wp-json\/wp\/v2\/pages\/119\/revisions\/1214"}],"wp:attachment":[{"href":"https:\/\/altabaldai.lt\/lt\/wp-json\/wp\/v2\/media?parent=119"}],"curies":[{"name":"wp","href":"https:\/\/api.w.org\/{rel}","templated":true}]}}