{"id":1179,"date":"2024-02-02T12:21:11","date_gmt":"2024-02-02T09:21:11","guid":{"rendered":"https:\/\/altabaldai.lt\/?page_id=1179"},"modified":"2024-11-14T15:13:25","modified_gmt":"2024-11-14T12:13:25","slug":"idejos-ir-tendencijos","status":"publish","type":"page","link":"https:\/\/altabaldai.lt\/lt\/idejos-ir-tendencijos\/","title":{"rendered":"Id\u0117jos ir tendencijos"},"content":{"rendered":"<div class=\"wp-block-group cust1 trends is-layout-constrained wp-block-group-is-layout-constrained\"><div class=\"wp-block-group__inner-container\">\n<h2 class=\"wp-block-heading has-text-align-center\">6 patarimai, kaip tinkamai derinti medinius baldus prie patalpos interjero<\/h2>\n\n\n\n<p>\u0160iuolaikiniame interjere svarbus vaidmuo tenka nat\u016braliai medienai. Ji erdvei suteikia \u0161ilumos ir tikrumo. Mediniai stalai, k\u0117d\u0117s, lovos, komodos, lentynos, kiti i\u0161 med\u017eio pagaminti baldai gyvenam\u0105j\u0105 ar biuro patalp\u0105 i\u0161syk padaro jauki\u0105, stiling\u0105, kuria joje ramyb\u0117s ir komforto atmosfer\u0105.<\/p>\n\n\n\n<p>Mediniai baldai turi nepakartojamo \u017eavesio, tad juos galima pritaikyti prie kone bet kurio interjero stiliaus. Be to, medis \u2013 tvirta ir ilgaam\u017e\u0117 med\u017eiaga, kurios gro\u017eis bei subtilumas i\u0161lieka daugel\u012f met\u0173.<\/p>\n\n\n\n<p>Kaipgi medinius baldus derinti prie kit\u0173 interjero detali\u0173, kad patalp\u0173 dizainas atrodyt\u0173 \u0161iuolaiki\u0161kai?<\/p>\n\n\n\n<p>\u0160tai keli paprasti patarimai:<\/p>\n\n\n\n<p><strong>Rinkit\u0117s paprast\u0173 ir minimalistini\u0173 form\u0173 baldus<\/strong>. \u0160iuolaikiniame interjere vyrauja tiesios linijos, geometrin\u0117s formos ir sant\u016br\u016bs dizaino sprendimai. Paprast\u0173, lakoni\u0161k\u0173 form\u0173 mediniai baldai puikiai \u012fsilies \u012f tok\u012f stili\u0173.<\/p>\n\n\n\n<figure class=\"wp-block-image size-large\"><img loading=\"lazy\" decoding=\"async\" width=\"1024\" height=\"691\" src=\"http:\/\/altabaldai.lt\/wp-content\/uploads\/2024\/02\/foto-1-wooden-console-1024x691.jpg\" alt=\"\" class=\"wp-image-1227\" srcset=\"https:\/\/altabaldai.lt\/wp-content\/uploads\/2024\/02\/foto-1-wooden-console-1024x691.jpg 1024w, https:\/\/altabaldai.lt\/wp-content\/uploads\/2024\/02\/foto-1-wooden-console-600x405.jpg 600w, https:\/\/altabaldai.lt\/wp-content\/uploads\/2024\/02\/foto-1-wooden-console-300x203.jpg 300w, https:\/\/altabaldai.lt\/wp-content\/uploads\/2024\/02\/foto-1-wooden-console-768x518.jpg 768w, https:\/\/altabaldai.lt\/wp-content\/uploads\/2024\/02\/foto-1-wooden-console-18x12.jpg 18w, https:\/\/altabaldai.lt\/wp-content\/uploads\/2024\/02\/foto-1-wooden-console.jpg 1200w\" sizes=\"(max-width: 1024px) 100vw, 1024px\" \/><\/figure>\n\n\n\n<p><strong>Taikykite med\u017eio irmetalo arbamed\u017eio ir stiklo derinius.<\/strong> Medienos masyvo gamin\u012f derinant su metalu ar stiklu, baldas \u012fgyja modern\u0173 \u012fvaizd\u012f. Pavyzd\u017eiui, medinis stalas metalin\u0117mis kojomis arba stikliniu stalvir\u0161iu gali tapti stilingu interjero akcentu.<\/p>\n\n\n\n<figure class=\"wp-block-image size-large\"><img loading=\"lazy\" decoding=\"async\" width=\"1024\" height=\"683\" src=\"http:\/\/altabaldai.lt\/wp-content\/uploads\/2024\/02\/Foto-2-Elipse-oval-table-1024x683.jpg\" alt=\"\" class=\"wp-image-1228\" srcset=\"https:\/\/altabaldai.lt\/wp-content\/uploads\/2024\/02\/Foto-2-Elipse-oval-table-1024x683.jpg 1024w, https:\/\/altabaldai.lt\/wp-content\/uploads\/2024\/02\/Foto-2-Elipse-oval-table-600x400.jpg 600w, https:\/\/altabaldai.lt\/wp-content\/uploads\/2024\/02\/Foto-2-Elipse-oval-table-300x200.jpg 300w, https:\/\/altabaldai.lt\/wp-content\/uploads\/2024\/02\/Foto-2-Elipse-oval-table-768x512.jpg 768w, https:\/\/altabaldai.lt\/wp-content\/uploads\/2024\/02\/Foto-2-Elipse-oval-table-1536x1024.jpg 1536w, https:\/\/altabaldai.lt\/wp-content\/uploads\/2024\/02\/Foto-2-Elipse-oval-table-18x12.jpg 18w, https:\/\/altabaldai.lt\/wp-content\/uploads\/2024\/02\/Foto-2-Elipse-oval-table.jpg 1800w\" sizes=\"(max-width: 1024px) 100vw, 1024px\" \/><\/figure>\n\n\n\n<p><strong>\u017daiskite kontrastais. <\/strong>Tekst\u016br\u0173 bei atspalvi\u0173 kontrastai padeda kurti \u012fdom\u0173, dinami\u0161k\u0105 interjer\u0105.Pam\u0117ginkite medien\u0105 derinti su kitomis med\u017eiagomis, pavyzd\u017eiui, akmeniu, oda arba tekstile: interjerui tai suteiks gylio ir individualumo.<\/p>\n\n\n\n<figure class=\"wp-block-image size-large\"><img loading=\"lazy\" decoding=\"async\" width=\"1024\" height=\"1024\" src=\"http:\/\/altabaldai.lt\/wp-content\/uploads\/2024\/02\/Foto-3-ArmChair_Leather-1024x1024.webp\" alt=\"\" class=\"wp-image-1229\" srcset=\"https:\/\/altabaldai.lt\/wp-content\/uploads\/2024\/02\/Foto-3-ArmChair_Leather-1024x1024.webp 1024w, https:\/\/altabaldai.lt\/wp-content\/uploads\/2024\/02\/Foto-3-ArmChair_Leather-300x300.webp 300w, https:\/\/altabaldai.lt\/wp-content\/uploads\/2024\/02\/Foto-3-ArmChair_Leather-100x100.webp 100w, https:\/\/altabaldai.lt\/wp-content\/uploads\/2024\/02\/Foto-3-ArmChair_Leather-600x600.webp 600w, https:\/\/altabaldai.lt\/wp-content\/uploads\/2024\/02\/Foto-3-ArmChair_Leather-150x150.webp 150w, https:\/\/altabaldai.lt\/wp-content\/uploads\/2024\/02\/Foto-3-ArmChair_Leather-768x768.webp 768w, https:\/\/altabaldai.lt\/wp-content\/uploads\/2024\/02\/Foto-3-ArmChair_Leather-12x12.webp 12w, https:\/\/altabaldai.lt\/wp-content\/uploads\/2024\/02\/Foto-3-ArmChair_Leather-50x50.webp 50w, https:\/\/altabaldai.lt\/wp-content\/uploads\/2024\/02\/Foto-3-ArmChair_Leather.webp 1200w\" sizes=\"(max-width: 1024px) 100vw, 1024px\" \/><\/figure>\n\n\n\n<figure class=\"wp-block-image size-full\"><img loading=\"lazy\" decoding=\"async\" width=\"1000\" height=\"1000\" src=\"http:\/\/altabaldai.lt\/wp-content\/uploads\/2024\/02\/foto-4-armchair-detail.jpg\" alt=\"\" class=\"wp-image-1237\" srcset=\"https:\/\/altabaldai.lt\/wp-content\/uploads\/2024\/02\/foto-4-armchair-detail.jpg 1000w, https:\/\/altabaldai.lt\/wp-content\/uploads\/2024\/02\/foto-4-armchair-detail-300x300.jpg 300w, https:\/\/altabaldai.lt\/wp-content\/uploads\/2024\/02\/foto-4-armchair-detail-100x100.jpg 100w, https:\/\/altabaldai.lt\/wp-content\/uploads\/2024\/02\/foto-4-armchair-detail-600x600.jpg 600w, https:\/\/altabaldai.lt\/wp-content\/uploads\/2024\/02\/foto-4-armchair-detail-150x150.jpg 150w, https:\/\/altabaldai.lt\/wp-content\/uploads\/2024\/02\/foto-4-armchair-detail-768x768.jpg 768w, https:\/\/altabaldai.lt\/wp-content\/uploads\/2024\/02\/foto-4-armchair-detail-12x12.jpg 12w, https:\/\/altabaldai.lt\/wp-content\/uploads\/2024\/02\/foto-4-armchair-detail-50x50.jpg 50w\" sizes=\"(max-width: 1000px) 100vw, 1000px\" \/><\/figure>\n\n\n\n<p><strong>Pasidom\u0117kite med\u017eiagos kokybe.<\/strong> Rinkdamiesi medinius baldus, atkreipkite d\u0117mes\u012f \u012f med\u017eiagas, i\u0161 kuri\u0173 jie pagaminti. Pirmenyb\u0119 teikite nat\u016bralaus med\u017eio baldams, nes jie yra tvirti, ekologi\u0161ki, jiems b\u016bdinga maloni i\u0161vaizda.<\/p>\n\n\n\n<p><strong>Rinkit\u0117s neutralius atspalvius.<\/strong> Neutrali\u0173 atspalvi\u0173 medis, pavyzd\u017eiui, \u0161viesus \u0105\u017euolas, uosis ar rie\u0161utmedis, lengviau \u012fsilieja \u012f \u0161iuolaikin\u012f interjer\u0105 ir kuria rami\u0105 aplink\u0105, pusiausvyros poj\u016bt\u012f.<\/p>\n\n\n\n<figure class=\"wp-block-image size-large\"><img loading=\"lazy\" decoding=\"async\" width=\"1024\" height=\"643\" src=\"http:\/\/altabaldai.lt\/wp-content\/uploads\/2024\/02\/foto-5-elegance_ton-1024x643.jpg\" alt=\"\" class=\"wp-image-1236\" srcset=\"https:\/\/altabaldai.lt\/wp-content\/uploads\/2024\/02\/foto-5-elegance_ton-1024x643.jpg 1024w, https:\/\/altabaldai.lt\/wp-content\/uploads\/2024\/02\/foto-5-elegance_ton-600x377.jpg 600w, https:\/\/altabaldai.lt\/wp-content\/uploads\/2024\/02\/foto-5-elegance_ton-300x188.jpg 300w, https:\/\/altabaldai.lt\/wp-content\/uploads\/2024\/02\/foto-5-elegance_ton-768x482.jpg 768w, https:\/\/altabaldai.lt\/wp-content\/uploads\/2024\/02\/foto-5-elegance_ton-18x12.jpg 18w, https:\/\/altabaldai.lt\/wp-content\/uploads\/2024\/02\/foto-5-elegance_ton.jpg 1440w\" sizes=\"(max-width: 1024px) 100vw, 1024px\" \/><\/figure>\n\n\n\n<p><strong>Dekoruokite protingai. &nbsp;<\/strong>\u0104\u017euolo masyvo baldus galima puo\u0161ti \u012fvairiais dekoro elementais, kaip antai metalin\u0117mis ranken\u0117l\u0117mis, stiklo intarpais, med\u017eio rai\u017einiais. Visgi stenkit\u0117s bendro interjero neperkrauti dekoru, kad stilius i\u0161likt\u0173\u0161iuolaiki\u0161kas.<\/p>\n\n\n\n<p>Jei laikysit\u0117s \u0161i\u0173 gana paprast\u0173 princip\u0173, pasirinkti baldai taps neatsiejama j\u016bs\u0173 buto, namo ar darbo patalp\u0173 interjero dalimi ir suteiks jam individual\u0173 stili\u0173. Be to, nepamir\u0161kite funkcionalumo bei komforto \u2013 tuomet tikrai pavyks susikurti jauki\u0105 ir patogi\u0105 erdv\u0119, kuri jus kasdien d\u017eiugins.<\/p>\n<\/div><\/div>\n\n\n\n<hr class=\"wp-block-separator has-alpha-channel-opacity is-style-dots\"\/>\n\n\n\n<div class=\"wp-block-group cust1 trends is-layout-constrained wp-block-group-is-layout-constrained\"><div class=\"wp-block-group__inner-container\">\n<h2 class=\"wp-block-heading has-text-align-center\">Medienos masyvo bald\u0173 derinimas su kitomis nat\u016braliomis med\u017eiagomis interjere<\/h2>\n\n\n\n<p><strong>Mediniai baldai <\/strong>nuostabiai dera su tokiomis nat\u016braliomis med\u017eiagomis kaip akmuo, metalas, rotangas, oda, audinys ir kt. Tokie deriniai da\u017enai \u012fdomiai pa\u012fvairina tekst\u016bras bei spalvas, patalpoms suteikia harmonijos, nat\u016bralaus dailumo ir elegancijos.<\/p>\n\n\n\n<p>Pavyzd\u017eiui, i\u0161 <strong>med\u017eio masyvo pagaminta spinta<\/strong> ar <strong>valgomojo stalas<\/strong> atrodo kambaryje, kurio sienos, grindys ar dekoro elementai \u2013 m\u016briniai. O <strong>nat\u016bralaus med\u017eio stalvir\u0161is<\/strong> su akmens detal\u0117mis arba akmenin\u0117s stalo atramos mediniams baldams suteikia tvirtumo ir rafinuotumo.<\/p>\n\n\n\n<figure class=\"wp-block-image size-large\"><img loading=\"lazy\" decoding=\"async\" width=\"1024\" height=\"819\" src=\"http:\/\/altabaldai.lt\/wp-content\/uploads\/2024\/02\/Foto-1-Wood-Dining-Table-Stone-Ton-1024x819.jpg\" alt=\"\" class=\"wp-image-1253\" srcset=\"https:\/\/altabaldai.lt\/wp-content\/uploads\/2024\/02\/Foto-1-Wood-Dining-Table-Stone-Ton-1024x819.jpg 1024w, https:\/\/altabaldai.lt\/wp-content\/uploads\/2024\/02\/Foto-1-Wood-Dining-Table-Stone-Ton-600x480.jpg 600w, https:\/\/altabaldai.lt\/wp-content\/uploads\/2024\/02\/Foto-1-Wood-Dining-Table-Stone-Ton-300x240.jpg 300w, https:\/\/altabaldai.lt\/wp-content\/uploads\/2024\/02\/Foto-1-Wood-Dining-Table-Stone-Ton-768x614.jpg 768w, https:\/\/altabaldai.lt\/wp-content\/uploads\/2024\/02\/Foto-1-Wood-Dining-Table-Stone-Ton-15x12.jpg 15w, https:\/\/altabaldai.lt\/wp-content\/uploads\/2024\/02\/Foto-1-Wood-Dining-Table-Stone-Ton.jpg 1200w\" sizes=\"(max-width: 1024px) 100vw, 1024px\" \/><\/figure>\n\n\n\n<figure class=\"wp-block-image size-full\"><img loading=\"lazy\" decoding=\"async\" width=\"900\" height=\"720\" src=\"http:\/\/altabaldai.lt\/wp-content\/uploads\/2024\/02\/Foto-2-kitchen-with-stone-walls.jpg\" alt=\"\" class=\"wp-image-1254\" srcset=\"https:\/\/altabaldai.lt\/wp-content\/uploads\/2024\/02\/Foto-2-kitchen-with-stone-walls.jpg 900w, https:\/\/altabaldai.lt\/wp-content\/uploads\/2024\/02\/Foto-2-kitchen-with-stone-walls-600x480.jpg 600w, https:\/\/altabaldai.lt\/wp-content\/uploads\/2024\/02\/Foto-2-kitchen-with-stone-walls-300x240.jpg 300w, https:\/\/altabaldai.lt\/wp-content\/uploads\/2024\/02\/Foto-2-kitchen-with-stone-walls-768x614.jpg 768w, https:\/\/altabaldai.lt\/wp-content\/uploads\/2024\/02\/Foto-2-kitchen-with-stone-walls-15x12.jpg 15w\" sizes=\"(max-width: 900px) 100vw, 900px\" \/><\/figure>\n\n\n\n<p>Bald\u0173 gamyboje taikomas med\u017eio ir metalo derinys \u2013 stilingas ir populiarus, kadangi kuria \u0161iuolaiki\u0161kos i\u0161vaizdos, eleganti\u0161k\u0105 interjer\u0105. Metalines detales galima naudoti \u201elofto\u201c stiliaus patalpos akcentams ar apdailai kurti: \u0161iuo atveju med\u012f ir metal\u0105 gali papildyti plyt\u0173 sienos, betono grindysir kitos neapdirbtos med\u017eiagos. \u0160ilto nat\u016bralaus med\u017eio ir \u0161alto metalo simbioz\u0119 galima taikyti ir pasirinkus minimalizmo stili\u0173: \u010dia tiesios medini\u0173 bald\u0173 linijos bei paprastos j\u0173 formos dera su metaliniais elementais, kurdamos ram\u0173, eleganti\u0161k\u0105 interjer\u0105.<\/p>\n\n\n\n<figure class=\"wp-block-image size-large\"><img loading=\"lazy\" decoding=\"async\" width=\"1024\" height=\"671\" src=\"http:\/\/altabaldai.lt\/wp-content\/uploads\/2024\/02\/Foto-3-Scandinavian-Style-Wood-1024x671.webp\" alt=\"\" class=\"wp-image-1255\" srcset=\"https:\/\/altabaldai.lt\/wp-content\/uploads\/2024\/02\/Foto-3-Scandinavian-Style-Wood-1024x671.webp 1024w, https:\/\/altabaldai.lt\/wp-content\/uploads\/2024\/02\/Foto-3-Scandinavian-Style-Wood-600x393.webp 600w, https:\/\/altabaldai.lt\/wp-content\/uploads\/2024\/02\/Foto-3-Scandinavian-Style-Wood-300x196.webp 300w, https:\/\/altabaldai.lt\/wp-content\/uploads\/2024\/02\/Foto-3-Scandinavian-Style-Wood-768x503.webp 768w, https:\/\/altabaldai.lt\/wp-content\/uploads\/2024\/02\/Foto-3-Scandinavian-Style-Wood-1536x1006.webp 1536w, https:\/\/altabaldai.lt\/wp-content\/uploads\/2024\/02\/Foto-3-Scandinavian-Style-Wood-2048x1341.webp 2048w, https:\/\/altabaldai.lt\/wp-content\/uploads\/2024\/02\/Foto-3-Scandinavian-Style-Wood-18x12.webp 18w\" sizes=\"(max-width: 1024px) 100vw, 1024px\" \/><\/figure>\n\n\n\n<figure class=\"wp-block-image size-full\"><img loading=\"lazy\" decoding=\"async\" width=\"894\" height=\"894\" src=\"http:\/\/altabaldai.lt\/wp-content\/uploads\/2024\/02\/Foto-4-bedroom-made-of-solid-wood-and-textiles.jpg\" alt=\"\" class=\"wp-image-1256\" srcset=\"https:\/\/altabaldai.lt\/wp-content\/uploads\/2024\/02\/Foto-4-bedroom-made-of-solid-wood-and-textiles.jpg 894w, https:\/\/altabaldai.lt\/wp-content\/uploads\/2024\/02\/Foto-4-bedroom-made-of-solid-wood-and-textiles-300x300.jpg 300w, https:\/\/altabaldai.lt\/wp-content\/uploads\/2024\/02\/Foto-4-bedroom-made-of-solid-wood-and-textiles-100x100.jpg 100w, https:\/\/altabaldai.lt\/wp-content\/uploads\/2024\/02\/Foto-4-bedroom-made-of-solid-wood-and-textiles-600x600.jpg 600w, https:\/\/altabaldai.lt\/wp-content\/uploads\/2024\/02\/Foto-4-bedroom-made-of-solid-wood-and-textiles-150x150.jpg 150w, https:\/\/altabaldai.lt\/wp-content\/uploads\/2024\/02\/Foto-4-bedroom-made-of-solid-wood-and-textiles-768x768.jpg 768w, https:\/\/altabaldai.lt\/wp-content\/uploads\/2024\/02\/Foto-4-bedroom-made-of-solid-wood-and-textiles-12x12.jpg 12w, https:\/\/altabaldai.lt\/wp-content\/uploads\/2024\/02\/Foto-4-bedroom-made-of-solid-wood-and-textiles-50x50.jpg 50w\" sizes=\"(max-width: 894px) 100vw, 894px\" \/><\/figure>\n\n\n\n<p>Masyvo bald\u0173 ir tekstil\u0117s jungimas \u2013 tai jaukus klasikinis derinys, interjerui suteikiantis \u0161ilumos, u\u017etikrinantis komfort\u0105 ir stilingum\u0105. Tekstil\u0117s elementai tinka tuomet, kai siekiama gyvenamajai patalpai suteikti spalv\u0173, \u0161velnumo ir tekst\u016bros, taip pat kai norima sukurti akcentus bei pagerinti bendr\u0105 vizual\u0173 \u012fsp\u016bd\u012f.<\/p>\n\n\n\n<p>Pavyzd\u017eiui, <strong>nat\u016bralaus med\u017eio sof\u0105 ar k\u0117des<\/strong> lengva papildyti mink\u0161tomis pagalv\u0117l\u0117mis ir tekstiliniais apklotais \u2013 taip baldai tampa darkomforti\u0161kesni. O derinant&nbsp; <strong>medienos masyv\u0105<\/strong> su medvilne ar \u0161ilku, patalpa vizualiai tampa \u017eymiai \u0161iltesn\u0117 ir \u0161velnesn\u0117.<\/p>\n\n\n\n<figure class=\"wp-block-image size-full\"><img loading=\"lazy\" decoding=\"async\" width=\"845\" height=\"600\" src=\"http:\/\/altabaldai.lt\/wp-content\/uploads\/2024\/02\/Foto-5-furniture-collection.webp\" alt=\"\" class=\"wp-image-1257\" srcset=\"https:\/\/altabaldai.lt\/wp-content\/uploads\/2024\/02\/Foto-5-furniture-collection.webp 845w, https:\/\/altabaldai.lt\/wp-content\/uploads\/2024\/02\/Foto-5-furniture-collection-600x426.webp 600w, https:\/\/altabaldai.lt\/wp-content\/uploads\/2024\/02\/Foto-5-furniture-collection-300x213.webp 300w, https:\/\/altabaldai.lt\/wp-content\/uploads\/2024\/02\/Foto-5-furniture-collection-768x545.webp 768w, https:\/\/altabaldai.lt\/wp-content\/uploads\/2024\/02\/Foto-5-furniture-collection-18x12.webp 18w\" sizes=\"(max-width: 845px) 100vw, 845px\" \/><\/figure>\n\n\n\n<p>Medini\u0173 bald\u0173 ir odos derinys \u2013 taip pat eleganti\u0161kas klasikinis interjero dizaino variantas. Medis patalpai suteikia \u0161ilumos ir nat\u016bralumo, o oda \u2013 rafinuotumo ir prabangos. \u0160ie bald\u0173 elementai puikiai papildo vienas kit\u0105, kurdami prabang\u0173 bei stiling\u0105 interjer\u0105.<\/p>\n\n\n\n<p>Pavyzd\u017eiui, i\u0161 <strong>medienos masyvo pagamintas valgomojo stalas<\/strong> ir odin\u0117s k\u0117d\u0117s patalpai gali suteikti itinsolid\u017ei\u0105 i\u0161vaizd\u0105, <strong>odin\u0117 sofa<\/strong> mediniais porankiais svetain\u0117je atrodys eleganti\u0161kai ir stilingai, o <strong>mink\u0161tos odos fotelis,<\/strong> kurio karkasas medinis, miegamojo ar kabineto interjerui suteiks jaukumo bei komforto.<\/p>\n\n\n\n<p>Be to, kai baldai pagaminti i\u0161 med\u017eio ir odos, \u0161is derinys visada pabr\u0117\u017eia ger\u0105 gaminio kokyb\u0119 ir patikimum\u0105. Tokie baldai pasi\u017eymi ilgaam\u017ei\u0161kumu, tvirtumu, j\u0173 stilius ir gro\u017eis ilgai i\u0161lieka.<\/p>\n\n\n\n<p>Atminkite: norint susikurti jauki\u0105 bei stiling\u0105 erdv\u0119, baldus reikia rinktis vadovaujantis pusiausvyros ir harmonijos principu, ta\u010diau svarbu nebijoti ir eksperimentuoti, taikyti unikalius ir \u012fdomius derinius.<\/p>\n<\/div><\/div>\n\n\n\n<hr class=\"wp-block-separator has-alpha-channel-opacity is-style-dots\"\/>\n\n\n\n<div style=\"height:100px\" aria-hidden=\"true\" class=\"wp-block-spacer\"><\/div>","protected":false},"excerpt":{"rendered":"<p>6 \u0441\u043e\u0432\u0435\u0442\u043e\u0432 \u043a\u0430\u043a \u043f\u0440\u0430\u0432\u0438\u043b\u044c\u043d\u043e \u043f\u043e\u0434\u043e\u0431\u0440\u0430\u0442\u044c \u0434\u0435\u0440\u0435\u0432\u044f\u043d\u043d\u0443\u044e \u043c\u0435\u0431\u0435\u043b\u044c \u043a \u0438\u043d\u0442\u0435\u0440\u044c\u0435\u0440\u0443 \u043f\u043e\u043c\u0435\u0449\u0435\u043d\u0438\u044f \u041d\u0430\u0442\u0443\u0440\u0430\u043b\u044c\u043d\u043e\u0435 \u0434\u0435\u0440\u0435\u0432\u043e \u0438\u0433\u0440\u0430\u0435\u0442 \u0432\u0430\u0436\u043d\u0443\u044e \u0440\u043e\u043b\u044c \u0432 \u0441\u043e\u0432\u0440\u0435\u043c\u0435\u043d\u043d\u043e\u043c \u0438\u043d\u0442\u0435\u0440\u044c\u0435\u0440\u0435. \u041e\u043d\u043e \u043f\u0440\u0438\u0434\u0430\u0435\u0442 \u043f\u0440\u043e\u0441\u0442\u0440\u0430\u043d\u0441\u0442\u0432\u0443 \u0442\u0435\u043f\u043b\u043e\u0442\u0443&nbsp; \u0438 \u0435\u0441\u0442\u0435\u0441\u0442\u0432\u0435\u043d\u043d\u043e\u0441\u0442\u044c. \u0414\u0435\u0440\u0435\u0432\u044f\u043d\u043d\u044b\u0435 \u0441\u0442\u043e\u043b\u044b, \u0441\u0442\u0443\u043b\u044c\u044f, \u043a\u0440\u043e\u0432\u0430\u0442\u0438, \u043a\u043e\u043c\u043e\u0434\u044b, \u0441\u0442\u0435\u043b\u043b\u0430\u0436\u0438 \u0438 \u0434\u0440\u0443\u0433\u0438\u0435 \u043f\u0440\u0435\u0434\u043c\u0435\u0442\u044b \u043c\u0435\u0431\u0435\u043b\u0438 \u0438\u0437 \u0434\u0435\u0440\u0435\u0432\u0430 \u043b\u0435\u0433\u043a\u043e \u0441\u043f\u043e\u0441\u043e\u0431\u043d\u044b \u0441\u0434\u0435\u043b\u0430\u0442\u044c \u0436\u0438\u043b\u043e\u0435 \u0438\u043b\u0438 \u043e\u0444\u0438\u0441\u043d\u043e\u0435 \u043f\u0440\u043e\u0441\u0442\u0440\u0430\u043d\u0441\u0442\u0432\u043e \u0443\u044e\u0442\u043d\u044b\u043c \u0438 \u0441\u0442\u0438\u043b\u044c\u043d\u044b\u043c, \u0441\u043e\u0437\u0434\u0430\u0442\u044c \u0430\u0442\u043c\u043e\u0441\u0444\u0435\u0440\u0443 \u0441\u043f\u043e\u043a\u043e\u0439\u0441\u0442\u0432\u0438\u044f \u0438 \u043a\u043e\u043c\u0444\u043e\u0440\u0442\u0430. \u041c\u0435\u0431\u0435\u043b\u044c \u0438\u0437 \u0434\u0435\u0440\u0435\u0432\u0430 \u0438\u043c\u0435\u0435\u0442 [&hellip;]<\/p>","protected":false},"author":1,"featured_media":0,"parent":0,"menu_order":0,"comment_status":"closed","ping_status":"closed","template":"","meta":{"footnotes":""},"_links":{"self":[{"href":"https:\/\/altabaldai.lt\/lt\/wp-json\/wp\/v2\/pages\/1179"}],"collection":[{"href":"https:\/\/altabaldai.lt\/lt\/wp-json\/wp\/v2\/pages"}],"about":[{"href":"https:\/\/altabaldai.lt\/lt\/wp-json\/wp\/v2\/types\/page"}],"author":[{"embeddable":true,"href":"https:\/\/altabaldai.lt\/lt\/wp-json\/wp\/v2\/users\/1"}],"replies":[{"embeddable":true,"href":"https:\/\/altabaldai.lt\/lt\/wp-json\/wp\/v2\/comments?post=1179"}],"version-history":[{"count":16,"href":"https:\/\/altabaldai.lt\/lt\/wp-json\/wp\/v2\/pages\/1179\/revisions"}],"predecessor-version":[{"id":3289,"href":"https:\/\/altabaldai.lt\/lt\/wp-json\/wp\/v2\/pages\/1179\/revisions\/3289"}],"wp:attachment":[{"href":"https:\/\/altabaldai.lt\/lt\/wp-json\/wp\/v2\/media?parent=1179"}],"curies":[{"name":"wp","href":"https:\/\/api.w.org\/{rel}","templated":true}]}}