{"id":117,"date":"2024-01-09T21:13:29","date_gmt":"2024-01-09T18:13:29","guid":{"rendered":"https:\/\/altabaldai.lt\/?page_id=117"},"modified":"2025-05-13T23:03:56","modified_gmt":"2025-05-13T20:03:56","slug":"pristatymas","status":"publish","type":"page","link":"https:\/\/altabaldai.lt\/lt\/pristatymas\/","title":{"rendered":"Pristatymas"},"content":{"rendered":"<div class=\"wp-block-group cust1 is-layout-constrained wp-block-group-is-layout-constrained\"><div class=\"wp-block-group__inner-container\">\n<p>Garantuojame optimalius bald\u0173 pristatymo \u012f bet kuri\u0105 Lietuvos, Latvijos ar Estijos viet\u0105 variantus, nes bendradarbiaujame su geriausiomis ir patikimomis transporto \u012fmon\u0117mis. Prireikus organizuosime j\u016bs\u0173 bald\u0173 gabenim\u0105 \u012f kitas Europos ir pasaulio \u0161alis.<\/p>\n\n\n\n<p>U\u017e bald\u0173 pristatym\u0105 atsiskaitoma atskirai; jie gabenami pagal transporto \u012fmoni\u0173 tarifus. Gabenimo kaina priklauso nuo nuotolio, taip pat nuo bald\u0173 svorio bei gabarit\u0173. Pristatome iki namo dur\u0173 (\u012f reikiam\u0105 auk\u0161t\u0105 nene\u0161ame).<br>Gabenti baldusgalime ir surinktus, ir i\u0161rinktus (d\u0117\u017e\u0117mis) \u2013 priklausomai nuo modelio. Prie surenkam\u0173j\u0173 bald\u0173 pridedame montavimo instrukcij\u0105bei reikiam\u0105 furnit\u016br\u0105.<\/p>\n<\/div><\/div>\n\n\n\n<hr class=\"wp-block-separator has-alpha-channel-opacity is-style-dots\"\/>\n\n\n\n<div style=\"height:100px\" aria-hidden=\"true\" class=\"wp-block-spacer\"><\/div>","protected":false},"excerpt":{"rendered":"<p>\u041c\u044b \u0433\u0430\u0440\u0430\u043d\u0442\u0438\u0440\u0443\u0435\u043c \u0441\u0430\u043c\u044b\u0435 \u043e\u043f\u0442\u0438\u043c\u0430\u043b\u044c\u043d\u044b\u0435 \u0432\u0430\u0440\u0438\u0430\u043d\u0442\u044b \u0434\u043e\u0441\u0442\u0430\u0432\u043a\u0438 \u043c\u0435\u0431\u0435\u043b\u0438 \u0432 \u043b\u044e\u0431\u0443\u044e \u0442\u043e\u0447\u043a\u0443 \u041b\u0438\u0442\u0432\u044b, \u041b\u0430\u0442\u0432\u0438\u0438 \u0438 \u042d\u0441\u0442\u043e\u043d\u0438\u0438, \u0431\u043b\u0430\u0433\u043e\u0434\u0430\u0440\u044f \u0441\u043e\u0442\u0440\u0443\u0434\u043d\u0438\u0447\u0435\u0441\u0442\u0432\u0443 \u0441 \u043b\u0443\u0447\u0448\u0438\u043c\u0438 \u0438 \u043d\u0430\u0434\u0435\u0436\u043d\u044b\u043c\u0438 \u0442\u0440\u0430\u043d\u0441\u043f\u043e\u0440\u0442\u043d\u044b\u043c\u0438 \u043a\u043e\u043c\u043f\u0430\u043d\u0438\u044f\u043c\u0438. \u041f\u0440\u0438 \u043d\u0435\u043e\u0431\u0445\u043e\u0434\u0438\u043c\u043e\u0441\u0442\u0438 \u043e\u0440\u0433\u0430\u043d\u0438\u0437\u0443\u0435\u043c \u0434\u043e\u0441\u0442\u0430\u0432\u043a\u0443 \u0432\u0430\u0448\u0435\u0439 \u043c\u0435\u0431\u0435\u043b\u0438 \u0438 \u0432 \u0434\u0440\u0443\u0433\u0438\u0435 \u0441\u0442\u0440\u0430\u043d\u044b \u0415\u0432\u0440\u043e\u043f\u044b \u0438 \u043c\u0438\u0440\u0430. \u0414\u043e\u0441\u0442\u0430\u0432\u043a\u0430 \u043c\u0435\u0431\u0435\u043b\u0438 \u0440\u0430\u0441\u0441\u0447\u0438\u0442\u044b\u0432\u0430\u0435\u0442\u0441\u044f \u0438\u043d\u0434\u0438\u0432\u0438\u0434\u0443\u0430\u043b\u044c\u043d\u043e \u0438 \u043e\u0441\u0443\u0449\u0435\u0441\u0442\u0432\u043b\u044f\u0435\u0442\u0441\u044f \u043f\u043e \u0442\u0430\u0440\u0438\u0444\u0430\u043c \u0442\u0440\u0430\u043d\u0441\u043f\u043e\u0440\u0442\u043d\u044b\u0445 \u043a\u043e\u043c\u043f\u0430\u043d\u0438\u0439. \u0421\u0442\u043e\u0438\u043c\u043e\u0441\u0442\u044c \u0434\u043e\u0441\u0442\u0430\u0432\u043a\u0438 \u0437\u0430\u0432\u0438\u0441\u0438\u0442 \u043e\u0442 \u0440\u0430\u0441\u0441\u0442\u043e\u044f\u043d\u0438\u044f, \u0430 \u0442\u0430\u043a\u0436\u0435 \u043e\u0442 \u0432\u0435\u0441\u0430 \u0438 [&hellip;]<\/p>","protected":false},"author":1,"featured_media":0,"parent":0,"menu_order":0,"comment_status":"closed","ping_status":"closed","template":"","meta":{"footnotes":""},"_links":{"self":[{"href":"https:\/\/altabaldai.lt\/lt\/wp-json\/wp\/v2\/pages\/117"}],"collection":[{"href":"https:\/\/altabaldai.lt\/lt\/wp-json\/wp\/v2\/pages"}],"about":[{"href":"https:\/\/altabaldai.lt\/lt\/wp-json\/wp\/v2\/types\/page"}],"author":[{"embeddable":true,"href":"https:\/\/altabaldai.lt\/lt\/wp-json\/wp\/v2\/users\/1"}],"replies":[{"embeddable":true,"href":"https:\/\/altabaldai.lt\/lt\/wp-json\/wp\/v2\/comments?post=117"}],"version-history":[{"count":7,"href":"https:\/\/altabaldai.lt\/lt\/wp-json\/wp\/v2\/pages\/117\/revisions"}],"predecessor-version":[{"id":1212,"href":"https:\/\/altabaldai.lt\/lt\/wp-json\/wp\/v2\/pages\/117\/revisions\/1212"}],"wp:attachment":[{"href":"https:\/\/altabaldai.lt\/lt\/wp-json\/wp\/v2\/media?parent=117"}],"curies":[{"name":"wp","href":"https:\/\/api.w.org\/{rel}","templated":true}]}}