{"id":115,"date":"2024-01-09T21:13:11","date_gmt":"2024-01-09T18:13:11","guid":{"rendered":"https:\/\/altabaldai.lt\/?page_id=115"},"modified":"2025-05-13T23:05:49","modified_gmt":"2025-05-13T20:05:49","slug":"atsiskaitymas","status":"publish","type":"page","link":"https:\/\/altabaldai.lt\/lt\/atsiskaitymas\/","title":{"rendered":"Atsiskaitymas"},"content":{"rendered":"<div class=\"wp-block-group cust1 warr is-layout-constrained wp-block-group-is-layout-constrained\"><div class=\"wp-block-group__inner-container\">\n<p>Suderinus pasirinktos prek\u0117s specifikacij\u0105, i\u0161ra\u0161oma s\u0105skaita fakt\u016bra apmok\u0117jimui.<br>J\u0105 apmok\u0117ti galite vienu i\u0161 \u0161i\u0173 b\u016bd\u0173:<\/p>\n\n\n\n<ul class=\"mypay\">\n<li>banke pervesti mok\u0117jim\u0105 \u012f \u012fmon\u0117s atsiskaitom\u0105j\u0105 s\u0105skait\u0105;<\/li>\n\n\n\n<li>Grynaisiais pinigais m\u016bs\u0173 salone:<\/li>\n\n\n\n<li>BALDU ROJUS<\/li>\n\n\n\n<li>Kalvarij\u0173 g. 125, Vilnius<\/li>\n<\/ul>\n\n\n\n<p>U\u017e pateikt\u0105 u\u017esakym\u0105 atsiskaitoma 2 etapais:<br>1 etapas: 30 % visos u\u017esakymo sumos sumokami pateikiant u\u017esakym\u0105 (i\u0161ankstiniu mok\u0117jimu);<br>2 etapas: likusieji 70 % u\u017esakymo sumos sumokami gavus prane\u0161im\u0105, kad prek\u0117 paruo\u0161ta gabenti pirk\u0117jui.<\/p>\n<\/div><\/div>\n\n\n\n<hr class=\"wp-block-separator has-alpha-channel-opacity is-style-dots\"\/>","protected":false},"excerpt":{"rendered":"<p>\u041f\u043e\u0441\u043b\u0435 \u0441\u043e\u0433\u043b\u0430\u0441\u043e\u0432\u0430\u043d\u0438\u044f \u0441\u043f\u0435\u0446\u0438\u0444\u0438\u043a\u0430\u0446\u0438\u0438 \u043d\u0430 \u0432\u044b\u0431\u0440\u0430\u043d\u043d\u044b\u0439 \u0442\u043e\u0432\u0430\u0440 \u0432\u044b\u0441\u0442\u0430\u0432\u043b\u044f\u0435\u0442\u0441\u044f \u0441\u0447\u0435\u0442 \u043d\u0430 \u043e\u043f\u043b\u0430\u0442\u0443.\u041f\u0440\u043e\u0438\u0437\u0432\u0435\u0441\u0442\u0438 \u043e\u043f\u043b\u0430\u0442\u0443 \u0432\u043e\u0437\u043c\u043e\u0436\u043d\u043e \u043e\u0434\u043d\u0438\u043c \u0438\u0437 \u0441\u043b\u0435\u0434\u0443\u044e\u0449\u0438\u0445 \u0441\u043f\u043e\u0441\u043e\u0431\u043e\u0432: \u041f\u0440\u0438\u0435\u043c \u043f\u043b\u0430\u0442\u0435\u0436\u0430 \u0437\u0430 \u043e\u0444\u043e\u0440\u043c\u043b\u0435\u043d\u043d\u044b\u0439 \u0437\u0430\u043a\u0430\u0437 \u043f\u0440\u043e\u0438\u0437\u0432\u043e\u0434\u0438\u0442\u0441\u044f \u0432 2 \u044d\u0442\u0430\u043f\u0430.\u042d\u0442\u0430\u043f 1. \u041e\u043f\u043b\u0430\u0442\u0430 30 % \u043e\u0442 \u043e\u0431\u0449\u0435\u0439 \u0441\u0443\u043c\u043c\u044b \u0437\u0430\u043a\u0430\u0437\u0430 \u043f\u0440\u0438 \u043e\u0444\u043e\u0440\u043c\u043b\u0435\u043d\u0438\u0438 (\u043f\u0440\u0435\u0434\u043e\u043f\u043b\u0430\u0442\u0430 \u0437\u0430 \u0442\u043e\u0432\u0430\u0440).\u042d\u0442\u0430\u043f 2. \u041e\u0441\u0442\u0430\u0432\u0448\u0438\u0435\u0441\u044f 70% \u043e\u0442 \u0441\u0443\u043c\u043c\u044b \u0437\u0430\u043a\u0430\u0437\u0430 \u043f\u043e\u0441\u043b\u0435 \u0443\u0432\u0435\u0434\u043e\u043c\u043b\u0435\u043d\u0438\u044f \u043e \u0433\u043e\u0442\u043e\u0432\u043d\u043e\u0441\u0442\u0438 \u0442\u043e\u0432\u0430\u0440\u0430 \u043a \u043e\u0442\u0433\u0440\u0443\u0437\u043a\u0435 \u043f\u043e\u043a\u0443\u043f\u0430\u0442\u0435\u043b\u044e.<\/p>","protected":false},"author":1,"featured_media":0,"parent":0,"menu_order":0,"comment_status":"closed","ping_status":"closed","template":"","meta":{"footnotes":""},"_links":{"self":[{"href":"https:\/\/altabaldai.lt\/lt\/wp-json\/wp\/v2\/pages\/115"}],"collection":[{"href":"https:\/\/altabaldai.lt\/lt\/wp-json\/wp\/v2\/pages"}],"about":[{"href":"https:\/\/altabaldai.lt\/lt\/wp-json\/wp\/v2\/types\/page"}],"author":[{"embeddable":true,"href":"https:\/\/altabaldai.lt\/lt\/wp-json\/wp\/v2\/users\/1"}],"replies":[{"embeddable":true,"href":"https:\/\/altabaldai.lt\/lt\/wp-json\/wp\/v2\/comments?post=115"}],"version-history":[{"count":10,"href":"https:\/\/altabaldai.lt\/lt\/wp-json\/wp\/v2\/pages\/115\/revisions"}],"predecessor-version":[{"id":3292,"href":"https:\/\/altabaldai.lt\/lt\/wp-json\/wp\/v2\/pages\/115\/revisions\/3292"}],"wp:attachment":[{"href":"https:\/\/altabaldai.lt\/lt\/wp-json\/wp\/v2\/media?parent=115"}],"curies":[{"name":"wp","href":"https:\/\/api.w.org\/{rel}","templated":true}]}}