{"id":1123,"date":"2024-01-30T23:41:21","date_gmt":"2024-01-30T20:41:21","guid":{"rendered":"https:\/\/altabaldai.lt\/?page_id=1123"},"modified":"2025-05-14T12:30:55","modified_gmt":"2025-05-14T09:30:55","slug":"prekes-grazinimas","status":"publish","type":"page","link":"https:\/\/altabaldai.lt\/lt\/prekes-grazinimas\/","title":{"rendered":"Prek\u0117s gr\u0105\u017einimas"},"content":{"rendered":"<div class=\"wp-block-group cust1 is-layout-constrained wp-block-group-is-layout-constrained\"><div class=\"wp-block-group__inner-container\">\n<p>Esame \u012fsitikin\u0119 savo gamini\u0173 kokybe, ta\u010diau jei d\u0117l koki\u0173 nors prie\u017eas\u010di\u0173 gaunate netinkamos kokyb\u0117s prek\u0119 ar ji deformuojasi transportavimo metu, galite j\u0105 gr\u0105\u017einti arba pakeisti \u012f atitinkam\u0105 tinkamos kokyb\u0117s prek\u0119.<\/p>\n\n\n\n<p>Nor\u0117dami tai padaryti, per 14 dien\u0173 nuo prek\u0117s gavimo dienos turite i\u0161si\u0173sti lai\u0161k\u0105 adresu altabaldai@gmail.com, nurodant gr\u0105\u017einimo prie\u017eastis, taip pat pridedant defekto ar sugadinimo nuotrauk\u0105. I\u0161studijav\u0119 informacij\u0105, priimsime vien\u0105 i\u0161 \u0161i\u0173 sprendim\u0173: gr\u0105\u017einti prek\u0119; pakeitimas tinkamos kokyb\u0117s gaminiu; nustatyto tr\u016bkumo pa\u0161alinimas. Gr\u0105\u017einti \u012fsigytas prekes galite ne v\u0117liau kaip per 30 dien\u0173 nuo prek\u0117s gavimo dienos. D\u0117l detalesn\u0117s informacijos apie garantin\u012f aptarnavim\u0105 skambinkite +370 65405560 arba el.pa\u0161tu altabaldai@gmail.com.<\/p>\n<\/div><\/div>\n\n\n\n<hr class=\"wp-block-separator has-alpha-channel-opacity is-style-dots\"\/>\n\n\n\n<div style=\"height:100px\" aria-hidden=\"true\" class=\"wp-block-spacer\"><\/div>","protected":false},"excerpt":{"rendered":"<p>\u041c\u044b \u0443\u0432\u0435\u0440\u0435\u043d\u044b \u0432 \u043a\u0430\u0447\u0435\u0441\u0442\u0432\u0435 \u043d\u0430\u0448\u0435\u0439 \u043f\u0440\u043e\u0434\u0443\u043a\u0446\u0438\u0438, \u043d\u043e, \u0435\u0441\u043b\u0438 \u043f\u043e \u043a\u0430\u043a\u043e\u0439-\u043b\u0438\u0431\u043e \u043f\u0440\u0438\u0447\u0438\u043d\u0435, \u0432\u044b \u043f\u043e\u043b\u0443\u0447\u0438\u043b\u0438 \u0442\u043e\u0432\u0430\u0440 \u043d\u0435\u043d\u0430\u0434\u043b\u0435\u0436\u0430\u0449\u0435\u0433\u043e \u043a\u0430\u0447\u0435\u0441\u0442\u0432\u0430 \u0438\u043b\u0438 \u043e\u043d \u0431\u044b\u043b \u0434\u0435\u0444\u043e\u0440\u043c\u0438\u0440\u043e\u0432\u0430\u043d \u0432 \u043f\u0440\u043e\u0446\u0435\u0441\u0441\u0435 \u0442\u0440\u0430\u043d\u0441\u043f\u043e\u0440\u0442\u0438\u0440\u043e\u0432\u043a\u0438, \u0432\u044b \u043c\u043e\u0436\u0435\u0442\u0435 \u0435\u0433\u043e \u0432\u0435\u0440\u043d\u0443\u0442\u044c \u0438\u043b\u0438 \u0437\u0430\u043c\u0435\u043d\u0438\u0442\u044c \u043d\u0430 \u0441\u043e\u043e\u0442\u0432\u0435\u0442\u0441\u0442\u0432\u0443\u044e\u0449\u0438\u0439 \u0442\u043e\u0432\u0430\u0440 \u043d\u0430\u0434\u043b\u0435\u0436\u0430\u0449\u0435\u0433\u043e \u043a\u0430\u0447\u0435\u0441\u0442\u0432\u0430. \u0414\u043b\u044f \u044d\u0442\u043e\u0433\u043e \u0432\u0430\u043c \u043d\u0435\u043e\u0431\u0445\u043e\u0434\u0438\u043c\u043e \u0432 \u0442\u0435\u0447\u0435\u043d\u0438\u0435 14 \u0434\u043d\u0435\u0439 \u0441\u043e \u0434\u043d\u044f \u043f\u043e\u043b\u0443\u0447\u0435\u043d\u0438\u044f \u0442\u043e\u0432\u0430\u0440\u0430 \u043f\u0440\u0438\u0441\u043b\u0430\u0442\u044c \u043d\u0430 \u044d\u043b\u0435\u043a\u0442\u0440\u043e\u043d\u043d\u0443\u044e \u043f\u043e\u0447\u0442\u0443 altabaldai@gmail.com \u043f\u0438\u0441\u044c\u043c\u043e, \u0441 \u0443\u043a\u0430\u0437\u0430\u043d\u0438\u0435\u043c \u043f\u0440\u0438\u0447\u0438\u043d [&hellip;]<\/p>","protected":false},"author":1,"featured_media":0,"parent":0,"menu_order":0,"comment_status":"closed","ping_status":"closed","template":"","meta":{"footnotes":""},"_links":{"self":[{"href":"https:\/\/altabaldai.lt\/lt\/wp-json\/wp\/v2\/pages\/1123"}],"collection":[{"href":"https:\/\/altabaldai.lt\/lt\/wp-json\/wp\/v2\/pages"}],"about":[{"href":"https:\/\/altabaldai.lt\/lt\/wp-json\/wp\/v2\/types\/page"}],"author":[{"embeddable":true,"href":"https:\/\/altabaldai.lt\/lt\/wp-json\/wp\/v2\/users\/1"}],"replies":[{"embeddable":true,"href":"https:\/\/altabaldai.lt\/lt\/wp-json\/wp\/v2\/comments?post=1123"}],"version-history":[{"count":6,"href":"https:\/\/altabaldai.lt\/lt\/wp-json\/wp\/v2\/pages\/1123\/revisions"}],"predecessor-version":[{"id":1342,"href":"https:\/\/altabaldai.lt\/lt\/wp-json\/wp\/v2\/pages\/1123\/revisions\/1342"}],"wp:attachment":[{"href":"https:\/\/altabaldai.lt\/lt\/wp-json\/wp\/v2\/media?parent=1123"}],"curies":[{"name":"wp","href":"https:\/\/api.w.org\/{rel}","templated":true}]}}