{"id":107,"date":"2024-01-09T20:58:10","date_gmt":"2024-01-09T17:58:10","guid":{"rendered":"https:\/\/altabaldai.lt\/?page_id=107"},"modified":"2025-05-13T23:13:51","modified_gmt":"2025-05-13T20:13:51","slug":"apie-mus","status":"publish","type":"page","link":"https:\/\/altabaldai.lt\/lt\/apie-mus\/","title":{"rendered":"Apie mus"},"content":{"rendered":"<div class=\"wp-block-group cust1 vice is-layout-constrained wp-block-group-is-layout-constrained\"><div class=\"wp-block-group__inner-container\">\n<div class=\"wp-block-media-text has-media-on-the-right is-stacked-on-mobile is-vertically-aligned-top\"><div class=\"wp-block-media-text__content\">\n<p>\"Alta baldai\" si\u016blo stilingus ir patikimus baldus i\u0161 nat\u016bralaus \u0105\u017euolo. Visi baldai gaminami i\u0161 \u0105\u017euolo masyvo, atrodo solid\u017eiai ir itin patraukliai. M\u016bs\u0173 si\u016blomi gaminiai - tai platus   atspalvi\u0173 ir dizaino sprendim\u0173 spektras, tikrai patenkins net reikliausius pirk\u0117jus.<\/p>\n\n\n\n<p>Galite b\u016bti tikri d\u0117l \u201eALTA baldai\u201c produkcijos kokyb\u0117s, nes mes naudojame tik itin kokybi\u0161kas med\u017eiagas ir pri\u017ei\u016brime kiekvien\u0105 gamybos etap\u0105. Ar \u012fsigysite \u0105\u017euolo masyvo lov\u0105, ar spint\u0105, lentyn\u0105, ar stal\u0105, k\u0117d\u0119 \u2013 bet kuris baldas interjerui suteiks ypatingo \u017eavesio ir jaukumo. Pad\u0117sime susikurti unikali\u0105 erdv\u0119, kuri atspind\u0117s j\u016bs\u0173 skon\u012f ir stili\u0173.<\/p>\n\n\n\n<p>Galiausiai \u2013 ne ma\u017eiau svarbus dalykas: vis\u0173 bald\u0173 kainos protingos, taigi bus palankios j\u016bs\u0173 piniginei.<\/p>\n<\/div><figure class=\"wp-block-media-text__media\"><img loading=\"lazy\" decoding=\"async\" width=\"2000\" height=\"2000\" src=\"http:\/\/altabaldai.lt\/wp-content\/uploads\/2024\/01\/stellazh-grapwood-3-2-2-1.jpg\" alt=\"\" class=\"wp-image-552 size-full\" srcset=\"https:\/\/altabaldai.lt\/wp-content\/uploads\/2024\/01\/stellazh-grapwood-3-2-2-1.jpg 2000w, https:\/\/altabaldai.lt\/wp-content\/uploads\/2024\/01\/stellazh-grapwood-3-2-2-1-300x300.jpg 300w, https:\/\/altabaldai.lt\/wp-content\/uploads\/2024\/01\/stellazh-grapwood-3-2-2-1-100x100.jpg 100w, https:\/\/altabaldai.lt\/wp-content\/uploads\/2024\/01\/stellazh-grapwood-3-2-2-1-600x600.jpg 600w\" sizes=\"(max-width: 2000px) 100vw, 2000px\" \/><\/figure><\/div>\n<\/div><\/div>\n\n\n\n<figure class=\"wp-block-pullquote cust1 has-border-color has-white-background-color has-background\" style=\"border-color:#dd9933;border-width:2px;border-radius:0px;font-size:15px\"><blockquote><p>Neatid\u0117liokite savo noro atnaujinti interjer\u0105 \u2013 \u012fsigykite i\u0161 nat\u016bralaus \u0105\u017euolo pagamint\u0173 \u201eALTA baldai\u201c bald\u0173 ir kasdien m\u0117gaukit\u0117s interjero gro\u017eiu bei komfortu!<\/p><\/blockquote><\/figure>","protected":false},"excerpt":{"rendered":"<p>ALTA baldai &#8211; \u043f\u0440\u0435\u0434\u043b\u0430\u0433\u0430\u0435\u0442 \u0441\u0442\u0438\u043b\u044c\u043d\u0443\u044e \u0438 \u043d\u0430\u0434\u0435\u0436\u043d\u0443\u044e \u043c\u0435\u0431\u0435\u043b\u044c \u0438\u0437 \u043d\u0430\u0442\u0443\u0440\u0430\u043b\u044c\u043d\u043e\u0433\u043e \u0434\u0443\u0431\u0430 \u0432 \u041b\u0438\u0442\u0432\u0435. \u0412\u0441\u044f \u043c\u0435\u0431\u0435\u043b\u044c \u0438\u0437\u0433\u043e\u0442\u043e\u0432\u043b\u0435\u043d\u0430 \u0438\u0437 \u043c\u0430\u0441\u0441\u0438\u0432\u0430 \u0434\u0443\u0431\u0430, \u0447\u0442\u043e \u0434\u0435\u043b\u0430\u0435\u0442 \u0435\u0435 \u043d\u0435 \u0442\u043e\u043b\u044c\u043a\u043e \u0441\u0442\u0430\u0442\u0443\u0441\u043d\u043e\u0439 \u0438 \u043e\u0447\u0435\u043d\u044c \u043f\u0440\u0438\u0432\u043b\u0435\u043a\u0430\u0442\u0435\u043b\u044c\u043d\u043e\u0439. \u041d\u0430\u0448\u0430 \u043c\u0435\u0431\u0435\u043b\u044c \u0438\u0437 \u0434\u0435\u0440\u0435\u0432\u0430 \u0438\u043c\u0435\u0435\u0442 \u0448\u0438\u0440\u043e\u043a\u0438\u0439 \u0432\u044b\u0431\u043e\u0440 \u043e\u0442\u0442\u0435\u043d\u043a\u043e\u0432 \u0438 \u0434\u0438\u0437\u0430\u0439\u043d\u0435\u0440\u0441\u043a\u0438\u0445 \u0440\u0435\u0448\u0435\u043d\u0438\u0439, \u043a\u043e\u0442\u043e\u0440\u044b\u0435 \u0443\u0434\u043e\u0432\u043b\u0435\u0442\u0432\u043e\u0440\u044f\u0442 \u0441\u0430\u043c\u044b\u043c \u0438\u0437\u044b\u0441\u043a\u0430\u043d\u043d\u044b\u043c \u0442\u0440\u0435\u0431\u043e\u0432\u0430\u043d\u0438\u044f\u043c. \u0412\u044b \u043c\u043e\u0436\u0435\u0442\u0435 \u0431\u044b\u0442\u044c \u0443\u0432\u0435\u0440\u0435\u043d\u044b \u0432 \u043a\u0430\u0447\u0435\u0441\u0442\u0432\u0435 \u043f\u0440\u043e\u0434\u0443\u043a\u0446\u0438\u0438 ALTA baldai, \u0442\u0430\u043a \u043a\u0430\u043a [&hellip;]<\/p>","protected":false},"author":1,"featured_media":0,"parent":0,"menu_order":0,"comment_status":"closed","ping_status":"closed","template":"","meta":{"footnotes":""},"_links":{"self":[{"href":"https:\/\/altabaldai.lt\/lt\/wp-json\/wp\/v2\/pages\/107"}],"collection":[{"href":"https:\/\/altabaldai.lt\/lt\/wp-json\/wp\/v2\/pages"}],"about":[{"href":"https:\/\/altabaldai.lt\/lt\/wp-json\/wp\/v2\/types\/page"}],"author":[{"embeddable":true,"href":"https:\/\/altabaldai.lt\/lt\/wp-json\/wp\/v2\/users\/1"}],"replies":[{"embeddable":true,"href":"https:\/\/altabaldai.lt\/lt\/wp-json\/wp\/v2\/comments?post=107"}],"version-history":[{"count":23,"href":"https:\/\/altabaldai.lt\/lt\/wp-json\/wp\/v2\/pages\/107\/revisions"}],"predecessor-version":[{"id":3691,"href":"https:\/\/altabaldai.lt\/lt\/wp-json\/wp\/v2\/pages\/107\/revisions\/3691"}],"wp:attachment":[{"href":"https:\/\/altabaldai.lt\/lt\/wp-json\/wp\/v2\/media?parent=107"}],"curies":[{"name":"wp","href":"https:\/\/api.w.org\/{rel}","templated":true}]}}