{"id":1176,"date":"2024-02-02T12:17:21","date_gmt":"2024-02-02T09:17:21","guid":{"rendered":"https:\/\/altabaldai.lt\/?page_id=1176"},"modified":"2026-03-17T15:35:04","modified_gmt":"2026-03-17T12:35:04","slug":"kontaktai","status":"publish","type":"page","link":"https:\/\/altabaldai.lt\/en\/kontaktai\/","title":{"rendered":"Contacts"},"content":{"rendered":"<div style=\"height:25px\" aria-hidden=\"true\" class=\"wp-block-spacer\"><\/div>\n\n\n\n<div class=\"wp-block-columns cust2 is-layout-flex wp-container-core-columns-layout-1 wp-block-columns-is-layout-flex\">\n<div class=\"wp-block-column is-vertically-aligned-center cust1 conts is-layout-flow wp-block-column-is-layout-flow\" style=\"flex-basis:50%\">\n<figure class=\"wp-block-image size-large\"><img loading=\"lazy\" decoding=\"async\" width=\"1024\" height=\"692\" src=\"http:\/\/altabaldai.lt\/wp-content\/uploads\/2026\/03\/contacts-1024x692.jpg\" alt=\"\" class=\"wp-image-4318\" srcset=\"https:\/\/altabaldai.lt\/wp-content\/uploads\/2026\/03\/contacts-1024x692.jpg 1024w, https:\/\/altabaldai.lt\/wp-content\/uploads\/2026\/03\/contacts-300x203.jpg 300w, https:\/\/altabaldai.lt\/wp-content\/uploads\/2026\/03\/contacts-768x519.jpg 768w, https:\/\/altabaldai.lt\/wp-content\/uploads\/2026\/03\/contacts-18x12.jpg 18w, https:\/\/altabaldai.lt\/wp-content\/uploads\/2026\/03\/contacts-600x406.jpg 600w, https:\/\/altabaldai.lt\/wp-content\/uploads\/2026\/03\/contacts.jpg 1123w\" sizes=\"(max-width: 1024px) 100vw, 1024px\" \/><\/figure>\n\n\n\n<p>Laukiame J\u016bs\u0173 salone ALTA baldai :<\/p>\n\n\n\n<p>Vilnius: ALTA baldai, PC \u201cBald\u0173 rojus\u201d,<br>Kalvarij\u0173 g.125 3 auk\u0161tas.<br>+370 621 54 137<\/p>\n\n\n\n<hr class=\"wp-block-separator has-alpha-channel-opacity\"\/>\n\n\n\n<p>Klaip\u0117doje:<br>Klaipeda: Sleeping Expert LT,<br>HELIOS Galerija, Taikos pr. 56, 1 \u0430uk\u0161tas,<br>+370 602 40 202<\/p>\n<\/div>\n\n\n\n<div class=\"wp-block-column is-layout-flow wp-block-column-is-layout-flow\" style=\"flex-basis:50%\"><style id=\"wpforms-css-vars-root\">\n\t\t\t\t:root {\n\t\t\t\t\t--wpforms-field-border-radius: 3px;\n--wpforms-field-background-color: #ffffff;\n--wpforms-field-border-color: rgba( 0, 0, 0, 0.25 );\n--wpforms-field-text-color: rgba( 0, 0, 0, 0.7 );\n--wpforms-label-color: rgba( 0, 0, 0, 0.85 );\n--wpforms-label-sublabel-color: rgba( 0, 0, 0, 0.55 );\n--wpforms-label-error-color: #d63637;\n--wpforms-button-border-radius: 3px;\n--wpforms-button-background-color: #066aab;\n--wpforms-button-text-color: #ffffff;\n--wpforms-field-size-input-height: 43px;\n--wpforms-field-size-input-spacing: 15px;\n--wpforms-field-size-font-size: 16px;\n--wpforms-field-size-line-height: 19px;\n--wpforms-field-size-padding-h: 14px;\n--wpforms-field-size-checkbox-size: 16px;\n--wpforms-field-size-sublabel-spacing: 5px;\n--wpforms-field-size-icon-size: 1;\n--wpforms-label-size-font-size: 16px;\n--wpforms-label-size-line-height: 19px;\n--wpforms-label-size-sublabel-font-size: 14px;\n--wpforms-label-size-sublabel-line-height: 17px;\n--wpforms-button-size-font-size: 17px;\n--wpforms-button-size-height: 41px;\n--wpforms-button-size-padding-h: 15px;\n--wpforms-button-size-margin-top: 10px;\n\n\t\t\t\t}\n\t\t\t<\/style><style id=\"wpforms-css-vars-1218-block-eefb258c-997a-48b2-a833-b0427148b0e1\">\n\t\t\t\t#wpforms-1218.wpforms-block-eefb258c-997a-48b2-a833-b0427148b0e1 {\n\t\t\t\t\t--wpforms-button-background-color: #dd9933;\n\n\t\t\t\t}\n\t\t\t<\/style><div class=\"wpforms-container wpforms-container-full wpforms-block wpforms-block-eefb258c-997a-48b2-a833-b0427148b0e1 wpforms-render-modern\" id=\"wpforms-1218\"><form id=\"wpforms-form-1218\" class=\"wpforms-validate wpforms-form wpforms-ajax-form\" data-formid=\"1218\" method=\"post\" enctype=\"multipart\/form-data\" action=\"\/en\/wp-json\/wp\/v2\/pages\/1176\" data-token=\"5477d020bae34c80598e015d17c63368\" data-trp-original-action=\"\/en\/wp-json\/wp\/v2\/pages\/1176\"><noscript class=\"wpforms-error-noscript\">Please enable JavaScript in your browser to complete this form.<\/noscript><div class=\"wpforms-hidden\" id=\"wpforms-error-noscript\">Please enable JavaScript in your browser to complete this form.<\/div><div class=\"wpforms-field-container\"><div id=\"wpforms-1218-field_0-container\" class=\"wpforms-field wpforms-field-name\" data-field-id=\"0\"><fieldset><legend class=\"wpforms-field-label\">Name <span class=\"wpforms-required-label\" aria-hidden=\"true\">*<\/span><\/legend><div class=\"wpforms-field-row wpforms-field-medium\"><div class=\"wpforms-field-row-block wpforms-first wpforms-one-half\"><input type=\"text\" id=\"wpforms-1218-field_0\" class=\"wpforms-field-name-first wpforms-field-required\" name=\"wpforms[fields][0][first]\" aria-errormessage=\"wpforms-1218-field_0-error\" required><label for=\"wpforms-1218-field_0\" class=\"wpforms-field-sublabel after\">First<\/label><\/div><div class=\"wpforms-field-row-block wpforms-one-half\"><input type=\"text\" id=\"wpforms-1218-field_0-last\" class=\"wpforms-field-name-last wpforms-field-required\" name=\"wpforms[fields][0][last]\" aria-errormessage=\"wpforms-1218-field_0-last-error\" required><label for=\"wpforms-1218-field_0-last\" class=\"wpforms-field-sublabel after\">Last<\/label><\/div><\/div><\/fieldset><\/div><div id=\"wpforms-1218-field_1-container\" class=\"wpforms-field wpforms-field-email\" data-field-id=\"1\"><label class=\"wpforms-field-label\" for=\"wpforms-1218-field_1\">E-mail <span class=\"wpforms-required-label\" aria-hidden=\"true\">*<\/span><\/label><input type=\"email\" id=\"wpforms-1218-field_1\" class=\"wpforms-field-medium wpforms-field-required\" name=\"wpforms[fields][1]\" spellcheck=\"false\" aria-errormessage=\"wpforms-1218-field_1-error\" required><\/div><div id=\"wpforms-1218-field_2-container\" class=\"wpforms-field wpforms-field-textarea\" data-field-id=\"2\"><label class=\"wpforms-field-label\" for=\"wpforms-1218-field_2\">Comment or message<\/label><textarea id=\"wpforms-1218-field_2\" class=\"wpforms-field-medium\" name=\"wpforms[fields][2]\" aria-errormessage=\"wpforms-1218-field_2-error\" ><\/textarea><\/div><\/div><!-- .wpforms-field-container --><div class=\"wpforms-submit-container\" ><input type=\"hidden\" name=\"wpforms[id]\" value=\"1218\"><input type=\"hidden\" name=\"wpforms[author]\" value=\"1\"><button type=\"submit\" name=\"wpforms[submit]\" id=\"wpforms-submit-1218\" class=\"wpforms-submit\" data-alt-text=\"\u041e\u0442\u043f\u0440\u0430\u0432\u043a\u0430...\" data-submit-text=\"\u041e\u0442\u043f\u0440\u0430\u0432\u0438\u0442\u044c\" aria-live=\"assertive\" value=\"wpforms-submit\">Send<\/button><img loading=\"lazy\" decoding=\"async\" src=\"https:\/\/altabaldai.lt\/wp-content\/plugins\/wpforms-lite\/assets\/images\/submit-spin.svg\" class=\"wpforms-submit-spinner\" style=\"display: none;\" width=\"26\" height=\"26\" alt=\"Loading\"><\/div><input type=\"hidden\" name=\"trp-form-language\" value=\"en\"\/><\/form><\/div>  <!-- .wpforms-container --><\/div>\n<\/div>\n\n\n\n<div style=\"height:100px\" aria-hidden=\"true\" class=\"wp-block-spacer\"><\/div>","protected":false},"excerpt":{"rendered":"<p>Laukiame J\u016bs\u0173 salone ALTA baldai : Vilnius: ALTA baldai, PC \u201cBald\u0173 rojus\u201d,Kalvarij\u0173 g.125 3 auk\u0161tas.+370 621 54 137 Klaip\u0117doje:Klaipeda: Sleeping Expert LT,HELIOS Galerija, Taikos pr. 56, 1 \u0430uk\u0161tas,+370 602 40 202<\/p>","protected":false},"author":1,"featured_media":0,"parent":0,"menu_order":0,"comment_status":"closed","ping_status":"closed","template":"","meta":{"footnotes":""},"_links":{"self":[{"href":"https:\/\/altabaldai.lt\/en\/wp-json\/wp\/v2\/pages\/1176"}],"collection":[{"href":"https:\/\/altabaldai.lt\/en\/wp-json\/wp\/v2\/pages"}],"about":[{"href":"https:\/\/altabaldai.lt\/en\/wp-json\/wp\/v2\/types\/page"}],"author":[{"embeddable":true,"href":"https:\/\/altabaldai.lt\/en\/wp-json\/wp\/v2\/users\/1"}],"replies":[{"embeddable":true,"href":"https:\/\/altabaldai.lt\/en\/wp-json\/wp\/v2\/comments?post=1176"}],"version-history":[{"count":15,"href":"https:\/\/altabaldai.lt\/en\/wp-json\/wp\/v2\/pages\/1176\/revisions"}],"predecessor-version":[{"id":4319,"href":"https:\/\/altabaldai.lt\/en\/wp-json\/wp\/v2\/pages\/1176\/revisions\/4319"}],"wp:attachment":[{"href":"https:\/\/altabaldai.lt\/en\/wp-json\/wp\/v2\/media?parent=1176"}],"curies":[{"name":"wp","href":"https:\/\/api.w.org\/{rel}","templated":true}]}}